{"id":1836,"date":"2020-08-18T14:18:07","date_gmt":"2020-08-18T14:18:07","guid":{"rendered":"https:\/\/mvlighting.com\/?page_id=1836"},"modified":"2020-08-18T18:48:38","modified_gmt":"2020-08-18T18:48:38","slug":"cable-trigger","status":"publish","type":"page","link":"https:\/\/mvlighting.com\/en\/accesorios\/cable-trigger","title":{"rendered":"Trigger cable"},"content":{"rendered":"<div id=\"fws_69e621f1ed1c9\" class=\"vc_row wpb_row vc_row-fluid  animate_onoffset row-dynamic-el section-style\" style=\"background-image: url(https:\/\/mvlighting.com\/wp-content\/uploads\/2019\/10\/Series-of-Electrical-Wires.jpg); background-position: center center;background-repeat: no-repeat; \" ><div  style=\"position: absolute;top: 0;\"><\/div><div class=\"bg-overlay\" style=\"background:rgba(114,114,114,0.8 );\"><\/div><div class=\"container  dark\"><div class=\"section_clear\">\n\t<div class=\"vc_col-sm-12 wpb_column column_container\" style=\"\" data-animation=\"none\" data-delay=\"\">\n\t\t\t<div class=\"wpb_wrapper\">\n\t\t\t\t<div class=\"vc_custom_heading wpb_content_element\" ><h2 style=\"color: #ffffff;text-align: center\" >Trigger cable<\/h2><\/div>\n\t\t\t<\/div> \n\t<\/div> \n<\/div><\/div><\/div><div id=\"fws_69e621f1ee029\" class=\"vc_row wpb_row vc_row-fluid  animate_onoffset row-dynamic-el section-style\" style=\"padding-top: 20px ; padding-bottom: 50px ; \" ><div  style=\"position: absolute;top: 0;\"><\/div><div class=\"container  dark\"><div class=\"section_clear\">\n\t<div class=\"vc_col-sm-12 wpb_column column_container\" style=\"\" data-animation=\"none\" data-delay=\"\">\n\t\t\t<div class=\"wpb_wrapper\">\n\t\t\t\t<div class=\"vc_row wpb_row vc_inner vc_row-fluid vc_custom_1570053923541 vc_row-o-equal-height vc_row-flex\"><div class=\"wpb_column vc_column_container vc_col-sm-6 vc_hidden-xs\"><div class=\"vc_column-inner vc_custom_1593182971304\"><div class=\"wpb_wrapper\"><div class=\"wpb_content_element media_align_center media media_el animate_onoffset\"><div class=\"media_wrapper\" style=\"width:400px;position:relative; left:50%; margin-left:-200px;\" ><img decoding=\"async\" src=\"https:\/\/mvlighting.com\/wp-content\/uploads\/2020\/05\/CT1-y-CT2.png\" alt=\"Alt Text\" class=\"type_image animated fadeInnone alignment_center\" \/><\/div><\/div><\/div><\/div><\/div><div class=\"wpb_column vc_column_container vc_col-sm-6 vc_hidden-xs\"><div class=\"vc_column-inner\"><div class=\"wpb_wrapper\">\n\t<div class=\"wpb_text_column wpb_content_element  vc_custom_1597688032454\">\n\t\t<div class=\"wpb_wrapper\" >\n\t\t\t<p><strong><span style=\"font-family: helvetica, arial, sans-serif; font-size: 14pt; color: #000000;\">Series <\/span><\/strong><strong><span style=\"font-family: helvetica, arial, sans-serif; font-size: 14pt; color: #000000;\">CTX<br \/>\n<\/span><\/strong><span style=\"font-family: helvetica, arial, sans-serif; font-size: 14pt;\"><span style=\"font-size: 10pt;\"><span style=\"font-size: 13.3333px;\">CABLE <\/span>TRIGGER\u00a0<\/span><\/span><\/p>\n<ul>\n<li><span style=\"color: #000000; font-size: 12pt;\">High current<\/span><\/li>\n<li><span style=\"color: #000000; font-size: 12pt;\">Indicator Lights<\/span><\/li>\n<li><span style=\"color: #000000;\">Straight connector<\/span><\/li>\n<\/ul>\n\n\t\t<\/div> \n\t<\/div> <\/div><\/div><\/div><\/div><div class=\"vc_row wpb_row vc_inner vc_row-fluid vc_custom_1570053923541 vc_row-o-equal-height vc_row-flex\"><div class=\"wpb_column vc_column_container vc_col-sm-6 vc_hidden-lg vc_hidden-md vc_hidden-sm\"><div class=\"vc_column-inner vc_custom_1593182956846\"><div class=\"wpb_wrapper\"><div class=\"wpb_content_element media_align_center media media_el animate_onoffset\"><div class=\"media_wrapper\" style=\"width:350px;position:relative; left:50%; margin-left:-175px;\" ><img decoding=\"async\" src=\"https:\/\/mvlighting.com\/wp-content\/uploads\/2020\/05\/CT1-y-CT2.png\" alt=\"Alt Text\" class=\"type_image animated fadeInnone alignment_center\" \/><\/div><\/div><\/div><\/div><\/div><div class=\"wpb_column vc_column_container vc_col-sm-6 vc_hidden-lg vc_hidden-md vc_hidden-sm\"><div class=\"vc_column-inner\"><div class=\"wpb_wrapper\">\n\t<div class=\"wpb_text_column wpb_content_element  vc_custom_1597688032454\">\n\t\t<div class=\"wpb_wrapper\" >\n\t\t\t<p><strong><span style=\"font-family: helvetica, arial, sans-serif; font-size: 14pt; color: #000000;\">Series <\/span><\/strong><strong><span style=\"font-family: helvetica, arial, sans-serif; font-size: 14pt; color: #000000;\">CTX<br \/>\n<\/span><\/strong><span style=\"font-family: helvetica, arial, sans-serif; font-size: 14pt;\"><span style=\"font-size: 10pt;\"><span style=\"font-size: 13.3333px;\">CABLE <\/span>TRIGGER\u00a0<\/span><\/span><\/p>\n<ul>\n<li><span style=\"color: #000000; font-size: 12pt;\">High current<\/span><\/li>\n<li><span style=\"color: #000000; font-size: 12pt;\">Indicator Lights<\/span><\/li>\n<li><span style=\"color: #000000;\">Straight connector<\/span><\/li>\n<\/ul>\n\n\t\t<\/div> \n\t<\/div> <\/div><\/div><\/div><\/div>\n\t<div class=\"wpb_text_column wpb_content_element  vc_custom_1597688542732\">\n\t\t<div class=\"wpb_wrapper\" >\n\t\t\t<p style=\"text-align: center;\"><span style=\"color: #000000; font-size: 13pt;\">High power solid state relay to trigger the light.<\/span><\/p>\n\n\t\t<\/div> \n\t<\/div> \n\t<div class=\"wpb_text_column wpb_content_element  vc_custom_1597688518905\">\n\t\t<div class=\"wpb_wrapper\" >\n\t\t\t<table style=\"height: 25px; width: 88.1161%; margin: 0px auto; border-color: #ffffff; border-style: solid;\" border=\"1.5\" width=\"88.3875%\">\n<tbody>\n<tr style=\"height: 30px; background-color: #397fc4; border-style: none; border-color: #ffffff;\">\n<td style=\"height: 15px; width: 15.3068%; text-align: center;\" width=\"55%\"><span style=\"color: #ffffff;\">\u00a0MODEL<\/span><\/td>\n<td style=\"width: 16.0958%; height: 15px; text-align: center;\"><span style=\"color: #ffffff;\">POWER SUPPLY<\/span><\/td>\n<td style=\"width: 18.4378%; height: 15px; text-align: center;\"><span style=\"color: #ffffff;\">MAX. CURRENT<\/span><\/td>\n<td style=\"width: 16.2553%; height: 15px; text-align: center;\"><span style=\"color: #ffffff;\">LENGTH<\/span><\/td>\n<\/tr>\n<tr style=\"height: 10px; background-color: #f8f8f8;\">\n<td style=\"height: 10px; width: 15.3068%; text-align: center;\" width=\"55%\"><span style=\"color: #000000;\">CT1-XXX-XX<\/span><\/td>\n<td style=\"width: 16.0958%; height: 10px; text-align: center;\"><span style=\"color: #000000;\">24 V<\/span><\/td>\n<td style=\"width: 18.4378%; height: 10px; text-align: center;\"><span style=\"color: #000000;\">Continuous 1 Amp | Pulsed 2 Amp<\/span><\/td>\n<td style=\"width: 16.2553%; height: 10px; text-align: center;\"><span style=\"color: #000000;\">2, 4 or 6 m<\/span><\/td>\n<\/tr>\n<tr style=\"height: 10px; background-color: #f8f8f8;\">\n<td style=\"height: 10px; width: 15.3068%; text-align: center;\" width=\"55%\"><span style=\"color: #000000;\">CT2-XXX-XX<\/span><\/td>\n<td style=\"width: 16.0958%; height: 10px; text-align: center;\"><span style=\"color: #000000;\">24 V<\/span><\/td>\n<td style=\"width: 18.4378%; height: 10px; text-align: center;\"><span style=\"color: #000000;\">Continuous 3 Amp | Pulsed 3 Amp<\/span><\/td>\n<td style=\"width: 16.2553%; height: 10px; text-align: center;\"><span style=\"color: #000000;\">2, 4 or 6 m<\/span><\/td>\n<\/tr>\n<\/tbody>\n<\/table>\n\n\t\t<\/div> \n\t<\/div> <div class=\"wpb_content_element block_title column_title inner-inline_border\"><h2 class=\"h1\">WIRING DIAGRAM<\/h2><\/div><div class=\"vc_row wpb_row vc_inner vc_row-fluid vc_custom_1572994323936 vc_row-o-equal-height vc_row-o-content-middle vc_row-flex\"><div class=\"wpb_column vc_column_container vc_col-sm-6 vc_hidden-xs\"><div class=\"vc_column-inner\"><div class=\"wpb_wrapper\">\n\t<div class=\"wpb_text_column wpb_content_element  vc_custom_1597688418995\">\n\t\t<div class=\"wpb_wrapper\" >\n\t\t\t<p><span style=\"color: #000000;\">Available for different types of output connectors:<\/span><\/p>\n<ul style=\"list-style-type: square;\">\n<li><span style=\"color: #000000;\">M8 \u2013 3 positions (Available only for CT1)<\/span><\/li>\n<li><span style=\"color: #000000;\">M8 \u2013 4 positions (Available only for CT1)<\/span><\/li>\n<li><span style=\"color: #000000;\">M12 \u2013 3 positions<\/span><\/li>\n<li><span style=\"color: #000000;\">M12 \u2013 4 positions<\/span><\/li>\n<li><span style=\"color: #000000;\">M12 \u2013 5 positions<\/span><\/li>\n<\/ul>\n\n\t\t<\/div> \n\t<\/div> <\/div><\/div><\/div><div class=\"wpb_column vc_column_container vc_col-sm-6 vc_hidden-xs\"><div class=\"vc_column-inner\"><div class=\"wpb_wrapper\"><div class=\"wpb_content_element media_align_center media media_el animate_onoffset\"><div class=\"media_wrapper\" style=\"width:380px;position:relative; left:50%; margin-left:-190px;\" ><img decoding=\"async\" src=\"https:\/\/mvlighting.com\/wp-content\/uploads\/2019\/10\/Pinout-Cable-1.png\" alt=\"Alt Text\" class=\"type_image animated fadeInnone alignment_center\" \/><\/div><\/div><\/div><\/div><\/div><\/div><div class=\"vc_row wpb_row vc_inner vc_row-fluid vc_custom_1572994323936 vc_row-o-equal-height vc_row-o-content-middle vc_row-flex\"><div class=\"wpb_column vc_column_container vc_col-sm-6 vc_hidden-lg vc_hidden-md vc_hidden-sm\"><div class=\"vc_column-inner\"><div class=\"wpb_wrapper\">\n\t<div class=\"wpb_text_column wpb_content_element  vc_custom_1597688418995\">\n\t\t<div class=\"wpb_wrapper\" >\n\t\t\t<p><span style=\"color: #000000;\">Available for different types of output connectors:<\/span><\/p>\n<ul style=\"list-style-type: square;\">\n<li><span style=\"color: #000000;\">M8 \u2013 3 positions (Available only for CT1)<\/span><\/li>\n<li><span style=\"color: #000000;\">M8 \u2013 4 positions (Available only for CT1)<\/span><\/li>\n<li><span style=\"color: #000000;\">M12 \u2013 3 positions<\/span><\/li>\n<li><span style=\"color: #000000;\">M12 \u2013 4 positions<\/span><\/li>\n<li><span style=\"color: #000000;\">M12 \u2013 5 positions<\/span><\/li>\n<\/ul>\n\n\t\t<\/div> \n\t<\/div> <\/div><\/div><\/div><div class=\"wpb_column vc_column_container vc_col-sm-6 vc_hidden-lg vc_hidden-md vc_hidden-sm\"><div class=\"vc_column-inner\"><div class=\"wpb_wrapper\"><div class=\"wpb_content_element media_align_center media media_el animate_onoffset\"><div class=\"media_wrapper\" style=\"width:300px;position:relative; left:50%; margin-left:-150px;\" ><img decoding=\"async\" src=\"https:\/\/mvlighting.com\/wp-content\/uploads\/2019\/10\/Pinout-Cable-1.png\" alt=\"Alt Text\" class=\"type_image animated fadeInnone alignment_center\" \/><\/div><\/div><\/div><\/div><\/div><\/div><div class=\"vc_row wpb_row vc_inner vc_row-fluid\"><div class=\"wpb_column vc_column_container vc_col-sm-12 vc_hidden-xs\"><div class=\"vc_column-inner\"><div class=\"wpb_wrapper\"><div class=\"wpb_content_element media_align_center media media_el animate_onoffset\"><div class=\"media_wrapper\" style=\"width:800px;position:relative; left:50%; margin-left:-400px;\" ><img decoding=\"async\" src=\"https:\/\/mvlighting.com\/wp-content\/uploads\/2019\/10\/edit-Wiring-diagram.png\" alt=\"Alt Text\" class=\"type_image animated fadeInLeft alignment_center\" \/><\/div><\/div><\/div><\/div><\/div><\/div><div class=\"vc_row wpb_row vc_inner vc_row-fluid\"><div class=\"wpb_column vc_column_container vc_col-sm-12 vc_hidden-lg vc_hidden-md vc_hidden-sm\"><div class=\"vc_column-inner\"><div class=\"wpb_wrapper\">\n<div class=\"vc_grid-container-wrapper vc_clearfix\">\n\t<div class=\"vc_grid-container vc_clearfix wpb_content_element vc_masonry_media_grid\" data-initial-loading-animation=\"zoomIn\" data-vc-grid-settings=\"{&quot;page_id&quot;:1836,&quot;style&quot;:&quot;all-masonry&quot;,&quot;action&quot;:&quot;vc_get_vc_grid_data&quot;,&quot;shortcode_id&quot;:&quot;1597687631244-3037cdd1913e19b8ef11bb8a96d851d1-2&quot;,&quot;tag&quot;:&quot;vc_masonry_media_grid&quot;}\" data-vc-request=\"https:\/\/mvlighting.com\/wp-admin\/admin-ajax.php\" data-vc-post-id=\"1836\" data-vc-public-nonce=\"ca68816318\">\n\t\t\n\t<\/div>\n<\/div><\/div><\/div><\/div><\/div>\n\t\t\t<\/div> \n\t<\/div> \n<\/div><\/div><\/div>","protected":false},"excerpt":{"rendered":"Cable Trigger Serie CTX CABLE TRIGGER\u00a0 Alta corriente LED indicadores Conector recto Serie CTX CABLE TRIGGER\u00a0 Alta corriente LED indicadores Conector recto Rel\u00e9 de estado s\u00f3lido de alta potencia para activar iluminaci\u00f3n. \u00a0MODELO FUENTE DE ALIMENTACI\u00d3N CORRIENTE M\u00c1X. LONGITUD CT1-XXX-XX 24 V Continua 1 Amp | Pulsada 2 Amp 2, 4 or 6 m CT2-XXX-XX [...]","protected":false},"author":1,"featured_media":1409,"parent":1835,"menu_order":0,"comment_status":"closed","ping_status":"closed","template":"","meta":{"footnotes":""},"class_list":["post-1836","page","type-page","status-publish","has-post-thumbnail","hentry"],"yoast_head":"<!-- This site is optimized with the Yoast SEO plugin v24.9 - https:\/\/yoast.com\/wordpress\/plugins\/seo\/ -->\n<title>Cable Trigger - MV Lighting<\/title>\n<meta name=\"robots\" content=\"index, follow, max-snippet:-1, max-image-preview:large, max-video-preview:-1\" \/>\n<link rel=\"canonical\" href=\"https:\/\/mvlighting.com\/en\/accesorios\/cable-trigger\" \/>\n<meta property=\"og:locale\" content=\"en_US\" \/>\n<meta property=\"og:type\" content=\"article\" \/>\n<meta property=\"og:title\" content=\"Cable Trigger - MV Lighting\" \/>\n<meta property=\"og:url\" content=\"https:\/\/mvlighting.com\/en\/accesorios\/cable-trigger\" \/>\n<meta property=\"og:site_name\" content=\"MV Lighting\" \/>\n<meta property=\"article:modified_time\" content=\"2020-08-18T18:48:38+00:00\" \/>\n<meta property=\"og:image\" content=\"https:\/\/mvlighting.com\/wp-content\/uploads\/2019\/11\/Cable-Trigger.png\" \/>\n\t<meta property=\"og:image:width\" content=\"1189\" \/>\n\t<meta property=\"og:image:height\" content=\"548\" \/>\n\t<meta property=\"og:image:type\" content=\"image\/png\" \/>\n<meta name=\"twitter:card\" content=\"summary_large_image\" \/>\n<meta name=\"twitter:label1\" content=\"Est. reading time\" \/>\n\t<meta name=\"twitter:data1\" content=\"3 minutes\" \/>\n<script type=\"application\/ld+json\" class=\"yoast-schema-graph\">{\"@context\":\"https:\/\/schema.org\",\"@graph\":[{\"@type\":\"WebPage\",\"@id\":\"https:\/\/mvlighting.com\/en\/accesorios\/cable-trigger\",\"url\":\"https:\/\/mvlighting.com\/en\/accesorios\/cable-trigger\",\"name\":\"Cable Trigger - MV Lighting\",\"isPartOf\":{\"@id\":\"https:\/\/mvlighting.com\/#website\"},\"primaryImageOfPage\":{\"@id\":\"https:\/\/mvlighting.com\/en\/accesorios\/cable-trigger#primaryimage\"},\"image\":{\"@id\":\"https:\/\/mvlighting.com\/en\/accesorios\/cable-trigger#primaryimage\"},\"thumbnailUrl\":\"https:\/\/mvlighting.com\/wp-content\/uploads\/2019\/11\/Cable-Trigger.png\",\"datePublished\":\"2020-08-18T14:18:07+00:00\",\"dateModified\":\"2020-08-18T18:48:38+00:00\",\"breadcrumb\":{\"@id\":\"https:\/\/mvlighting.com\/en\/accesorios\/cable-trigger#breadcrumb\"},\"inLanguage\":\"en-US\",\"potentialAction\":[{\"@type\":\"ReadAction\",\"target\":[\"https:\/\/mvlighting.com\/en\/accesorios\/cable-trigger\"]}]},{\"@type\":\"ImageObject\",\"inLanguage\":\"en-US\",\"@id\":\"https:\/\/mvlighting.com\/en\/accesorios\/cable-trigger#primaryimage\",\"url\":\"https:\/\/mvlighting.com\/wp-content\/uploads\/2019\/11\/Cable-Trigger.png\",\"contentUrl\":\"https:\/\/mvlighting.com\/wp-content\/uploads\/2019\/11\/Cable-Trigger.png\",\"width\":1189,\"height\":548},{\"@type\":\"BreadcrumbList\",\"@id\":\"https:\/\/mvlighting.com\/en\/accesorios\/cable-trigger#breadcrumb\",\"itemListElement\":[{\"@type\":\"ListItem\",\"position\":1,\"name\":\"Home\",\"item\":\"https:\/\/mvlighting.com\/\"},{\"@type\":\"ListItem\",\"position\":2,\"name\":\"Accesorios\",\"item\":\"https:\/\/mvlighting.com\/en\/accesorios\"},{\"@type\":\"ListItem\",\"position\":3,\"name\":\"Cable Trigger\"}]},{\"@type\":\"WebSite\",\"@id\":\"https:\/\/mvlighting.com\/#website\",\"url\":\"https:\/\/mvlighting.com\/\",\"name\":\"MV Lighting\",\"description\":\"Lighting solution for machine vision\",\"publisher\":{\"@id\":\"https:\/\/mvlighting.com\/#organization\"},\"potentialAction\":[{\"@type\":\"SearchAction\",\"target\":{\"@type\":\"EntryPoint\",\"urlTemplate\":\"https:\/\/mvlighting.com\/?s={search_term_string}\"},\"query-input\":{\"@type\":\"PropertyValueSpecification\",\"valueRequired\":true,\"valueName\":\"search_term_string\"}}],\"inLanguage\":\"en-US\"},{\"@type\":\"Organization\",\"@id\":\"https:\/\/mvlighting.com\/#organization\",\"name\":\"MV Lighting\",\"url\":\"https:\/\/mvlighting.com\/\",\"logo\":{\"@type\":\"ImageObject\",\"inLanguage\":\"en-US\",\"@id\":\"https:\/\/mvlighting.com\/#\/schema\/logo\/image\/\",\"url\":\"\",\"contentUrl\":\"\",\"caption\":\"MV Lighting\"},\"image\":{\"@id\":\"https:\/\/mvlighting.com\/#\/schema\/logo\/image\/\"}}]}<\/script>\n<!-- \/ Yoast SEO plugin. -->","yoast_head_json":{"title":"Cable Trigger - MV Lighting","robots":{"index":"index","follow":"follow","max-snippet":"max-snippet:-1","max-image-preview":"max-image-preview:large","max-video-preview":"max-video-preview:-1"},"canonical":"https:\/\/mvlighting.com\/en\/accesorios\/cable-trigger","og_locale":"en_US","og_type":"article","og_title":"Cable Trigger - MV Lighting","og_url":"https:\/\/mvlighting.com\/en\/accesorios\/cable-trigger","og_site_name":"MV Lighting","article_modified_time":"2020-08-18T18:48:38+00:00","og_image":[{"width":1189,"height":548,"url":"https:\/\/mvlighting.com\/wp-content\/uploads\/2019\/11\/Cable-Trigger.png","type":"image\/png"}],"twitter_card":"summary_large_image","twitter_misc":{"Est. reading time":"3 minutes"},"schema":{"@context":"https:\/\/schema.org","@graph":[{"@type":"WebPage","@id":"https:\/\/mvlighting.com\/en\/accesorios\/cable-trigger","url":"https:\/\/mvlighting.com\/en\/accesorios\/cable-trigger","name":"Cable Trigger - MV Lighting","isPartOf":{"@id":"https:\/\/mvlighting.com\/#website"},"primaryImageOfPage":{"@id":"https:\/\/mvlighting.com\/en\/accesorios\/cable-trigger#primaryimage"},"image":{"@id":"https:\/\/mvlighting.com\/en\/accesorios\/cable-trigger#primaryimage"},"thumbnailUrl":"https:\/\/mvlighting.com\/wp-content\/uploads\/2019\/11\/Cable-Trigger.png","datePublished":"2020-08-18T14:18:07+00:00","dateModified":"2020-08-18T18:48:38+00:00","breadcrumb":{"@id":"https:\/\/mvlighting.com\/en\/accesorios\/cable-trigger#breadcrumb"},"inLanguage":"en-US","potentialAction":[{"@type":"ReadAction","target":["https:\/\/mvlighting.com\/en\/accesorios\/cable-trigger"]}]},{"@type":"ImageObject","inLanguage":"en-US","@id":"https:\/\/mvlighting.com\/en\/accesorios\/cable-trigger#primaryimage","url":"https:\/\/mvlighting.com\/wp-content\/uploads\/2019\/11\/Cable-Trigger.png","contentUrl":"https:\/\/mvlighting.com\/wp-content\/uploads\/2019\/11\/Cable-Trigger.png","width":1189,"height":548},{"@type":"BreadcrumbList","@id":"https:\/\/mvlighting.com\/en\/accesorios\/cable-trigger#breadcrumb","itemListElement":[{"@type":"ListItem","position":1,"name":"Home","item":"https:\/\/mvlighting.com\/"},{"@type":"ListItem","position":2,"name":"Accesorios","item":"https:\/\/mvlighting.com\/en\/accesorios"},{"@type":"ListItem","position":3,"name":"Cable Trigger"}]},{"@type":"WebSite","@id":"https:\/\/mvlighting.com\/#website","url":"https:\/\/mvlighting.com\/","name":"MV Lighting","description":"Lighting solution for machine vision","publisher":{"@id":"https:\/\/mvlighting.com\/#organization"},"potentialAction":[{"@type":"SearchAction","target":{"@type":"EntryPoint","urlTemplate":"https:\/\/mvlighting.com\/?s={search_term_string}"},"query-input":{"@type":"PropertyValueSpecification","valueRequired":true,"valueName":"search_term_string"}}],"inLanguage":"en-US"},{"@type":"Organization","@id":"https:\/\/mvlighting.com\/#organization","name":"MV Lighting","url":"https:\/\/mvlighting.com\/","logo":{"@type":"ImageObject","inLanguage":"en-US","@id":"https:\/\/mvlighting.com\/#\/schema\/logo\/image\/","url":"","contentUrl":"","caption":"MV Lighting"},"image":{"@id":"https:\/\/mvlighting.com\/#\/schema\/logo\/image\/"}}]}},"_links":{"self":[{"href":"https:\/\/mvlighting.com\/en\/wp-json\/wp\/v2\/pages\/1836","targetHints":{"allow":["GET"]}}],"collection":[{"href":"https:\/\/mvlighting.com\/en\/wp-json\/wp\/v2\/pages"}],"about":[{"href":"https:\/\/mvlighting.com\/en\/wp-json\/wp\/v2\/types\/page"}],"author":[{"embeddable":true,"href":"https:\/\/mvlighting.com\/en\/wp-json\/wp\/v2\/users\/1"}],"replies":[{"embeddable":true,"href":"https:\/\/mvlighting.com\/en\/wp-json\/wp\/v2\/comments?post=1836"}],"version-history":[{"count":4,"href":"https:\/\/mvlighting.com\/en\/wp-json\/wp\/v2\/pages\/1836\/revisions"}],"predecessor-version":[{"id":1950,"href":"https:\/\/mvlighting.com\/en\/wp-json\/wp\/v2\/pages\/1836\/revisions\/1950"}],"up":[{"embeddable":true,"href":"https:\/\/mvlighting.com\/en\/wp-json\/wp\/v2\/pages\/1835"}],"wp:featuredmedia":[{"embeddable":true,"href":"https:\/\/mvlighting.com\/en\/wp-json\/wp\/v2\/media\/1409"}],"wp:attachment":[{"href":"https:\/\/mvlighting.com\/en\/wp-json\/wp\/v2\/media?parent=1836"}],"curies":[{"name":"wp","href":"https:\/\/api.w.org\/{rel}","templated":true}]}}