{"id":1837,"date":"2020-08-18T14:18:07","date_gmt":"2020-08-18T14:18:07","guid":{"rendered":"https:\/\/mvlighting.com\/?page_id=1837"},"modified":"2020-08-18T14:18:07","modified_gmt":"2020-08-18T14:18:07","slug":"contacto","status":"publish","type":"page","link":"https:\/\/mvlighting.com\/en\/contacto","title":{"rendered":"Contact"},"content":{"rendered":"<div id=\"fws_69e612eb9aab6\" class=\"vc_row wpb_row vc_row-fluid  animate_onoffset row-dynamic-el section-style\" style=\"color: #000000; \" ><div  style=\"position: absolute;top: 0;\"><\/div><div class=\"container  custom\"><div class=\"section_clear\">\n\t<div class=\"vc_col-sm-12 wpb_column column_container\" style=\"\" data-animation=\"none\" data-delay=\"\">\n\t\t\t<div class=\"wpb_wrapper\">\n\t\t\t\t\n\t<div class=\"wpb_text_column wpb_content_element  vc_custom_1597689619012\">\n\t\t<div class=\"wpb_wrapper\" >\n\t\t\t<p style=\"text-align: center;\"><span style=\"font-size: 14pt;\">For more information about our products, please contact us by phone or send us a message through the contact form. <\/span><\/p>\n<p style=\"text-align: center;\"><span style=\"font-size: 14pt;\">We will be happy to assist you with your request.<\/span><\/p>\n\n\t\t<\/div> \n\t<\/div> \n\t\t\t<\/div> \n\t<\/div> \n<\/div><\/div><\/div><div id=\"fws_69e612eb9b36b\" class=\"vc_row wpb_row vc_row-fluid  animate_onoffset row-dynamic-el section-style\" style=\"padding-top: 10px ; color: #000000; \" ><div  style=\"position: absolute;top: 0;\"><\/div><div class=\"container  custom\"><div class=\"section_clear\">\n\t<div class=\"vc_col-sm-12 wpb_column column_container\" style=\"\" data-animation=\"none\" data-delay=\"\">\n\t\t\t<div class=\"wpb_wrapper\">\n\t\t\t\t<div class=\"vc_row wpb_row vc_inner vc_row-fluid vc_custom_1571328448228 vc_column-gap-10 vc_row-o-equal-height vc_row-flex\"><div class=\"wpb_column vc_column_container vc_col-sm-8\"><div class=\"vc_column-inner\"><div class=\"wpb_wrapper\">\n\t<div class=\"wpb_text_column wpb_content_element\">\n\t\t<div class=\"wpb_wrapper\" >\n\t\t\t\n<div class=\"wpcf7 no-js\" id=\"wpcf7-f1869-o1\" lang=\"es-ES\" dir=\"ltr\">\n<div class=\"screen-reader-response\"><p role=\"status\" aria-live=\"polite\" aria-atomic=\"true\"><\/p> <ul><\/ul><\/div>\n<form action=\"\/en\/wp-json\/wp\/v2\/pages\/1837#wpcf7-f1869-o1\" method=\"post\" class=\"wpcf7-form init\" aria-label=\"Formulario de contacto\" novalidate=\"novalidate\" data-status=\"init\" data-trp-original-action=\"\/en\/wp-json\/wp\/v2\/pages\/1837#wpcf7-f1869-o1\">\n<div style=\"display: none;\">\n<input type=\"hidden\" name=\"_wpcf7\" value=\"1869\" \/>\n<input type=\"hidden\" name=\"_wpcf7_version\" value=\"5.7.7\" \/>\n<input type=\"hidden\" name=\"_wpcf7_locale\" value=\"es_ES\" \/>\n<input type=\"hidden\" name=\"_wpcf7_unit_tag\" value=\"wpcf7-f1869-o1\" \/>\n<input type=\"hidden\" name=\"_wpcf7_container_post\" value=\"0\" \/>\n<input type=\"hidden\" name=\"_wpcf7_posted_data_hash\" value=\"\" \/>\n<input type=\"hidden\" name=\"_wpcf7_recaptcha_response\" value=\"\" \/>\n<\/div>\n<p><label> Your Name (required)<br \/>\n<span class=\"wpcf7-form-control-wrap\" data-name=\"your-name\"><input size=\"40\" class=\"wpcf7-form-control wpcf7-text wpcf7-validates-as-required\" aria-required=\"true\" aria-invalid=\"false\" value=\"\" type=\"text\" name=\"your-name\" \/><\/span> <\/label>\n<\/p>\n<p><label> Phone (required)<br \/>\n<span class=\"wpcf7-form-control-wrap\" data-name=\"tel-892\"><input size=\"40\" class=\"wpcf7-form-control wpcf7-text wpcf7-tel wpcf7-validates-as-tel\" aria-invalid=\"false\" value=\"\" type=\"tel\" name=\"tel-892\" \/><\/span> <\/label>\n<\/p>\n<p><label> Your Email (required)<br \/>\n<span class=\"wpcf7-form-control-wrap\" data-name=\"your-email\"><input size=\"40\" class=\"wpcf7-form-control wpcf7-text wpcf7-email wpcf7-validates-as-required wpcf7-validates-as-email\" aria-required=\"true\" aria-invalid=\"false\" value=\"\" type=\"email\" name=\"your-email\" \/><\/span> <\/label>\n<\/p>\n<p><label> Subject<br \/>\n<span class=\"wpcf7-form-control-wrap\" data-name=\"your-subject\"><input size=\"40\" class=\"wpcf7-form-control wpcf7-text\" aria-invalid=\"false\" value=\"\" type=\"text\" name=\"your-subject\" \/><\/span> <\/label>\n<\/p>\n<p><label> Your Message<br \/>\n<span class=\"wpcf7-form-control-wrap\" data-name=\"your-message\"><textarea cols=\"40\" rows=\"10\" class=\"wpcf7-form-control wpcf7-textarea\" aria-invalid=\"false\" name=\"your-message\"><\/textarea><\/span> <\/label>\n<\/p>\n<p><input class=\"wpcf7-form-control has-spinner wpcf7-submit btn-bt default\" type=\"submit\" value=\"Send\" \/>\n<\/p><p style=\"display: none !important;\" class=\"akismet-fields-container\" data-prefix=\"_wpcf7_ak_\"><label>&#916;<textarea name=\"_wpcf7_ak_hp_textarea\" cols=\"45\" rows=\"8\" maxlength=\"100\"><\/textarea><\/label><input type=\"hidden\" id=\"ak_js_1\" name=\"_wpcf7_ak_js\" value=\"211\"\/><script>document.getElementById( \"ak_js_1\" ).setAttribute( \"value\", ( new Date() ).getTime() );<\/script><\/p><div class=\"wpcf7-response-output\" aria-hidden=\"true\"><\/div>\n<input type=\"hidden\" name=\"trp-form-language\" value=\"en\"\/><\/form>\n<\/div>\n\n\n\t\t<\/div> \n\t<\/div> <\/div><\/div><\/div><div class=\"wpb_column vc_column_container vc_col-sm-4\"><div class=\"vc_column-inner\"><div class=\"wpb_wrapper\"><div class=\"vc_custom_heading wpb_content_element\" ><h5 style=\"color: #000000;text-align: left\" >Speak with an expert.<\/h5><\/div><div class=\"wpb_content_element list\" style=\"\"><ul data-icon=\"moon-phone-3\">\n\t\t\t\t<li class=\"simple\"><i class=\"\" style=\"color:#1E73BE;\"><\/i>+52 442 455 4213<\/li><\/ul><\/div><div class=\"wpb_content_element media_align_left media media_el animate_onoffset\"><div class=\"media_wrapper\" ><img decoding=\"async\" src=\"https:\/\/mvlighting.com\/wp-content\/uploads\/2019\/10\/ipsba-std-1fe55d30-770b-4182-9b27-9112a19b0dff.jpg\" alt=\"Alt Text\" class=\"type_image animated fadeInLeft alignment_left\" \/><\/div><\/div><\/div><\/div><\/div><\/div>\n\t\t\t<\/div> \n\t<\/div> \n<\/div><\/div><\/div>","protected":false},"excerpt":{"rendered":"Para obtener m\u00e1s informaci\u00f3n sobre nuestros productos, comun\u00edquese con nosotros por tel\u00e9fono o env\u00edenos un mensaje a trav\u00e9s del formulario de contacto. Estaremos encantados de atenderle con su solicitud. Nombre (requerido) Tel\u00e9fono (requerido) Email (requerido) Asunto Mensaje &#916; Hable con un experto. +52 442 455 4213","protected":false},"author":1,"featured_media":0,"parent":0,"menu_order":0,"comment_status":"closed","ping_status":"closed","template":"","meta":{"footnotes":""},"class_list":["post-1837","page","type-page","status-publish","hentry"],"yoast_head":"<!-- This site is optimized with the Yoast SEO plugin v24.9 - https:\/\/yoast.com\/wordpress\/plugins\/seo\/ -->\n<title>Contacto - MV Lighting<\/title>\n<meta name=\"robots\" content=\"index, follow, max-snippet:-1, max-image-preview:large, max-video-preview:-1\" \/>\n<link rel=\"canonical\" href=\"https:\/\/mvlighting.com\/en\/contacto\/\" \/>\n<meta property=\"og:locale\" content=\"en_US\" \/>\n<meta property=\"og:type\" content=\"article\" \/>\n<meta property=\"og:title\" content=\"Contacto - MV Lighting\" \/>\n<meta property=\"og:url\" content=\"https:\/\/mvlighting.com\/en\/contacto\/\" \/>\n<meta property=\"og:site_name\" content=\"MV Lighting\" \/>\n<meta name=\"twitter:card\" content=\"summary_large_image\" \/>\n<meta name=\"twitter:label1\" content=\"Est. reading time\" \/>\n\t<meta name=\"twitter:data1\" content=\"1 minute\" \/>\n<script type=\"application\/ld+json\" class=\"yoast-schema-graph\">{\"@context\":\"https:\/\/schema.org\",\"@graph\":[{\"@type\":\"WebPage\",\"@id\":\"https:\/\/mvlighting.com\/contacto\",\"url\":\"https:\/\/mvlighting.com\/contacto\",\"name\":\"Contacto - MV Lighting\",\"isPartOf\":{\"@id\":\"https:\/\/mvlighting.com\/#website\"},\"datePublished\":\"2020-08-18T14:18:07+00:00\",\"breadcrumb\":{\"@id\":\"https:\/\/mvlighting.com\/contacto#breadcrumb\"},\"inLanguage\":\"en-US\",\"potentialAction\":[{\"@type\":\"ReadAction\",\"target\":[\"https:\/\/mvlighting.com\/contacto\"]}]},{\"@type\":\"BreadcrumbList\",\"@id\":\"https:\/\/mvlighting.com\/contacto#breadcrumb\",\"itemListElement\":[{\"@type\":\"ListItem\",\"position\":1,\"name\":\"Home\",\"item\":\"https:\/\/mvlighting.com\/\"},{\"@type\":\"ListItem\",\"position\":2,\"name\":\"Contacto\"}]},{\"@type\":\"WebSite\",\"@id\":\"https:\/\/mvlighting.com\/#website\",\"url\":\"https:\/\/mvlighting.com\/\",\"name\":\"MV Lighting\",\"description\":\"Lighting solution for machine vision\",\"publisher\":{\"@id\":\"https:\/\/mvlighting.com\/#organization\"},\"potentialAction\":[{\"@type\":\"SearchAction\",\"target\":{\"@type\":\"EntryPoint\",\"urlTemplate\":\"https:\/\/mvlighting.com\/?s={search_term_string}\"},\"query-input\":{\"@type\":\"PropertyValueSpecification\",\"valueRequired\":true,\"valueName\":\"search_term_string\"}}],\"inLanguage\":\"en-US\"},{\"@type\":\"Organization\",\"@id\":\"https:\/\/mvlighting.com\/#organization\",\"name\":\"MV Lighting\",\"url\":\"https:\/\/mvlighting.com\/\",\"logo\":{\"@type\":\"ImageObject\",\"inLanguage\":\"en-US\",\"@id\":\"https:\/\/mvlighting.com\/#\/schema\/logo\/image\/\",\"url\":\"\",\"contentUrl\":\"\",\"caption\":\"MV Lighting\"},\"image\":{\"@id\":\"https:\/\/mvlighting.com\/#\/schema\/logo\/image\/\"}}]}<\/script>\n<!-- \/ Yoast SEO plugin. -->","yoast_head_json":{"title":"Contacto - MV Lighting","robots":{"index":"index","follow":"follow","max-snippet":"max-snippet:-1","max-image-preview":"max-image-preview:large","max-video-preview":"max-video-preview:-1"},"canonical":"https:\/\/mvlighting.com\/en\/contacto\/","og_locale":"en_US","og_type":"article","og_title":"Contacto - MV Lighting","og_url":"https:\/\/mvlighting.com\/en\/contacto\/","og_site_name":"MV Lighting","twitter_card":"summary_large_image","twitter_misc":{"Est. reading time":"1 minute"},"schema":{"@context":"https:\/\/schema.org","@graph":[{"@type":"WebPage","@id":"https:\/\/mvlighting.com\/contacto","url":"https:\/\/mvlighting.com\/contacto","name":"Contacto - MV Lighting","isPartOf":{"@id":"https:\/\/mvlighting.com\/#website"},"datePublished":"2020-08-18T14:18:07+00:00","breadcrumb":{"@id":"https:\/\/mvlighting.com\/contacto#breadcrumb"},"inLanguage":"en-US","potentialAction":[{"@type":"ReadAction","target":["https:\/\/mvlighting.com\/contacto"]}]},{"@type":"BreadcrumbList","@id":"https:\/\/mvlighting.com\/contacto#breadcrumb","itemListElement":[{"@type":"ListItem","position":1,"name":"Home","item":"https:\/\/mvlighting.com\/"},{"@type":"ListItem","position":2,"name":"Contacto"}]},{"@type":"WebSite","@id":"https:\/\/mvlighting.com\/#website","url":"https:\/\/mvlighting.com\/","name":"MV Lighting","description":"Lighting solution for machine vision","publisher":{"@id":"https:\/\/mvlighting.com\/#organization"},"potentialAction":[{"@type":"SearchAction","target":{"@type":"EntryPoint","urlTemplate":"https:\/\/mvlighting.com\/?s={search_term_string}"},"query-input":{"@type":"PropertyValueSpecification","valueRequired":true,"valueName":"search_term_string"}}],"inLanguage":"en-US"},{"@type":"Organization","@id":"https:\/\/mvlighting.com\/#organization","name":"MV Lighting","url":"https:\/\/mvlighting.com\/","logo":{"@type":"ImageObject","inLanguage":"en-US","@id":"https:\/\/mvlighting.com\/#\/schema\/logo\/image\/","url":"","contentUrl":"","caption":"MV Lighting"},"image":{"@id":"https:\/\/mvlighting.com\/#\/schema\/logo\/image\/"}}]}},"_links":{"self":[{"href":"https:\/\/mvlighting.com\/en\/wp-json\/wp\/v2\/pages\/1837","targetHints":{"allow":["GET"]}}],"collection":[{"href":"https:\/\/mvlighting.com\/en\/wp-json\/wp\/v2\/pages"}],"about":[{"href":"https:\/\/mvlighting.com\/en\/wp-json\/wp\/v2\/types\/page"}],"author":[{"embeddable":true,"href":"https:\/\/mvlighting.com\/en\/wp-json\/wp\/v2\/users\/1"}],"replies":[{"embeddable":true,"href":"https:\/\/mvlighting.com\/en\/wp-json\/wp\/v2\/comments?post=1837"}],"version-history":[{"count":2,"href":"https:\/\/mvlighting.com\/en\/wp-json\/wp\/v2\/pages\/1837\/revisions"}],"predecessor-version":[{"id":1870,"href":"https:\/\/mvlighting.com\/en\/wp-json\/wp\/v2\/pages\/1837\/revisions\/1870"}],"wp:attachment":[{"href":"https:\/\/mvlighting.com\/en\/wp-json\/wp\/v2\/media?parent=1837"}],"curies":[{"name":"wp","href":"https:\/\/api.w.org\/{rel}","templated":true}]}}