{"id":1838,"date":"2020-08-17T16:26:04","date_gmt":"2020-08-17T16:26:04","guid":{"rendered":"https:\/\/mvlighting.com\/?page_id=1838"},"modified":"2021-04-12T18:03:14","modified_gmt":"2021-04-12T18:03:14","slug":"iluminaciones-a-la-medida","status":"publish","type":"page","link":"https:\/\/mvlighting.com\/en\/iluminaciones-a-la-medida","title":{"rendered":"Custom lights"},"content":{"rendered":"<div id=\"fws_69e6287c11b21\" class=\"vc_row wpb_row vc_row-fluid  animate_onoffset row-dynamic-el section-style    borders\" style=\"background-image: url(https:\/\/mvlighting.com\/wp-content\/uploads\/2019\/10\/CP-MV.png); background-position: center center;background-repeat: no-repeat; padding-top: 125px ; padding-bottom: 235px ; \" ><div  style=\"position: absolute;top: 0;\"><\/div><div class=\"container  dark\"><div class=\"section_clear\">\n\t<div class=\"vc_col-sm-8 wpb_column column_container vc_custom_1597686979357  vc_custom_1597686979357\" style=\"\" data-animation=\"none\" data-delay=\"\">\n\t\t\t<div class=\"wpb_wrapper\">\n\t\t\t\t<div class=\"vc_custom_heading vc_custom_1597686236959 wpb_content_element\" ><h2 style=\"text-align: left\" >Custom lights<\/h2><\/div>\n\t<div class=\"wpb_text_column wpb_content_element  vc_custom_1597687405906\">\n\t\t<div class=\"wpb_wrapper\" >\n\t\t\t<p style=\"text-align: justify;\"><span style=\"color: #000000;\"><span style=\"font-size: 17px;\">Thanks to our know-how offer tailored products to meet your needs<br \/>\nWe can help design and build a light for your application.<\/span><\/span><\/p>\n<ul style=\"list-style-type: square;\">\n<li><span style=\"color: #000000;\">Custom designs from the ground up<\/span><\/li>\n<li><span style=\"color: #000000;\">Different wavelenghts of standard products<\/span><\/li>\n<li><span style=\"color: #000000;\">Size change of standard products<\/span><\/li>\n<li><span style=\"color: #000000;\">Increased brightness of standard products.<\/span><\/li>\n<\/ul>\n\n\t\t<\/div> \n\t<\/div> \n\t\t\t<\/div> \n\t<\/div> \n\n\t<div class=\"vc_col-sm-4 wpb_column column_container\" style=\"\" data-animation=\"none\" data-delay=\"\">\n\t\t\t<div class=\"wpb_wrapper\">\n\t\t\t\t\n\t\t\t<\/div> \n\t<\/div> \n<\/div><\/div><\/div><div id=\"fws_69e6287c129ca\" class=\"vc_row wpb_row vc_row-fluid  animate_onoffset row-dynamic-el standard_section\" style=\"\" ><div  style=\"position: absolute;top: 0;\"><\/div><div class=\"container  dark\"><div class=\"section_clear\">\n\t<div class=\"vc_col-sm-12 wpb_column column_container\" style=\"\" data-animation=\"none\" data-delay=\"\">\n\t\t\t<div class=\"wpb_wrapper\">\n\t\t\t\t<div class=\"vc_custom_heading vc_custom_1618250206161 wpb_content_element\" ><h3 style=\"text-align: left\" >Custom lights<\/h3><\/div><div class=\"vc_row wpb_row vc_inner vc_row-fluid vc_row-o-equal-height vc_row-o-content-middle vc_row-flex\"><div class=\"wpb_column vc_column_container vc_col-sm-4\"><div class=\"vc_column-inner\"><div class=\"wpb_wrapper\"><div class=\"wpb_content_element media_align_left media media_el animate_onoffset\"><div class=\"media_wrapper\" ><img decoding=\"async\" src=\"https:\/\/mvlighting.com\/wp-content\/uploads\/2021\/04\/edit_render_20032-v02.png\" alt=\"Alt Text\" class=\"type_image animated fadeInLeft alignment_left\" \/><\/div><\/div>\n\t<div class=\"wpb_text_column wpb_content_element\">\n\t\t<div class=\"wpb_wrapper\" >\n\t\t\t<p style=\"text-align: center;\"><span style=\"font-family: helvetica, arial, sans-serif; font-size: 14pt;\"><span style=\"font-size: 10pt;\">CURVED BACKLIGHT<\/span><\/span><strong><span style=\"font-family: helvetica, arial, sans-serif; font-size: 14pt; color: #000000;\"><br \/>\n<\/span><\/strong><\/p>\n<p style=\"text-align: center;\"><span style=\"color: #000000; font-size: 12pt;\">H<\/span><span style=\"color: #000000; font-size: 12pt;\">igh luminous intensity, reverse polarity protection, built-in trigger <\/span><span style=\"color: #000000; font-size: 12pt;\">built-in trigger<\/span><\/p>\n\n\t\t<\/div> \n\t<\/div> <\/div><\/div><\/div><div class=\"wpb_column vc_column_container vc_col-sm-4\"><div class=\"vc_column-inner\"><div class=\"wpb_wrapper\"><\/div><\/div><\/div><div class=\"wpb_column vc_column_container vc_col-sm-4\"><div class=\"vc_column-inner\"><div class=\"wpb_wrapper\"><\/div><\/div><\/div><\/div>\n\t\t\t<\/div> \n\t<\/div> \n<\/div><\/div><\/div><div id=\"fws_69e6287c13c77\" class=\"vc_row wpb_row vc_row-fluid  animate_onoffset row-dynamic-el section-style     wpb_animate_when_almost_visible wpb_fadeInLeft fadeInLeft\" style=\"background-color: #5b5b5b; padding-top: 35px ; padding-bottom: 35px ; \" ><div  style=\"position: absolute;top: 0;\"><\/div><div class=\"container  light\"><div class=\"section_clear\">\n\t<div class=\"vc_col-sm-12 wpb_column column_container\" style=\"\" data-animation=\"none\" data-delay=\"\">\n\t\t\t<div class=\"wpb_wrapper\">\n\t\t\t\t<div class=\"textbar style_1 wpb_content_element\"><h2>Need help with the design or idea?<\/h2><a href=\"http:\/\/mvlighting.com\/en\/contacto\/\" class=\"btn-bt default\"><span>Contact Us<\/span><i class=\"moon-arrow-right-5\"><\/i><\/a><\/div>\n\t\t\t<\/div> \n\t<\/div> \n<\/div><\/div><\/div>","protected":false},"excerpt":{"rendered":"Iluminaciones a la medida Gracias a nuestra experiencia ofrecemos iluminaciones a la medida para satisfacer sus necesidades. Podemos ayudar a dise\u00f1ar y construir una iluminaci\u00f3n para su aplicaci\u00f3n. Dise\u00f1os personalizados desde cero. Diferentes longitudes de onda de productos est\u00e1ndar. Cambio de tama\u00f1os de productos est\u00e1ndar. Aumento de luminosidad de productos est\u00e1ndar. Iluminaciones a la medida [...]","protected":false},"author":1,"featured_media":1333,"parent":0,"menu_order":0,"comment_status":"closed","ping_status":"closed","template":"","meta":{"footnotes":""},"class_list":["post-1838","page","type-page","status-publish","has-post-thumbnail","hentry"],"yoast_head":"<!-- This site is optimized with the Yoast SEO plugin v24.9 - https:\/\/yoast.com\/wordpress\/plugins\/seo\/ -->\n<title>Iluminaciones a la medida - MV Lighting<\/title>\n<meta name=\"robots\" content=\"index, follow, max-snippet:-1, max-image-preview:large, max-video-preview:-1\" \/>\n<link rel=\"canonical\" href=\"https:\/\/mvlighting.com\/en\/iluminaciones-a-la-medida\/\" \/>\n<meta property=\"og:locale\" content=\"en_US\" \/>\n<meta property=\"og:type\" content=\"article\" \/>\n<meta property=\"og:title\" content=\"Iluminaciones a la medida - MV Lighting\" \/>\n<meta property=\"og:url\" content=\"https:\/\/mvlighting.com\/en\/iluminaciones-a-la-medida\/\" \/>\n<meta property=\"og:site_name\" content=\"MV Lighting\" \/>\n<meta property=\"article:modified_time\" content=\"2021-04-12T18:03:14+00:00\" \/>\n<meta property=\"og:image\" content=\"https:\/\/mvlighting.com\/wp-content\/uploads\/2019\/10\/Men\u00fa-Custom-Products02.png\" \/>\n\t<meta property=\"og:image:width\" content=\"1920\" \/>\n\t<meta property=\"og:image:height\" content=\"1080\" \/>\n\t<meta property=\"og:image:type\" content=\"image\/png\" \/>\n<meta name=\"twitter:card\" content=\"summary_large_image\" \/>\n<meta name=\"twitter:label1\" content=\"Est. reading time\" \/>\n\t<meta name=\"twitter:data1\" content=\"1 minute\" \/>\n<script type=\"application\/ld+json\" class=\"yoast-schema-graph\">{\"@context\":\"https:\/\/schema.org\",\"@graph\":[{\"@type\":\"WebPage\",\"@id\":\"https:\/\/mvlighting.com\/iluminaciones-a-la-medida\",\"url\":\"https:\/\/mvlighting.com\/iluminaciones-a-la-medida\",\"name\":\"Iluminaciones a la medida - MV Lighting\",\"isPartOf\":{\"@id\":\"https:\/\/mvlighting.com\/#website\"},\"primaryImageOfPage\":{\"@id\":\"https:\/\/mvlighting.com\/iluminaciones-a-la-medida#primaryimage\"},\"image\":{\"@id\":\"https:\/\/mvlighting.com\/iluminaciones-a-la-medida#primaryimage\"},\"thumbnailUrl\":\"https:\/\/mvlighting.com\/wp-content\/uploads\/2019\/10\/Men\u00fa-Custom-Products02.png\",\"datePublished\":\"2020-08-17T16:26:04+00:00\",\"dateModified\":\"2021-04-12T18:03:14+00:00\",\"breadcrumb\":{\"@id\":\"https:\/\/mvlighting.com\/iluminaciones-a-la-medida#breadcrumb\"},\"inLanguage\":\"en-US\",\"potentialAction\":[{\"@type\":\"ReadAction\",\"target\":[\"https:\/\/mvlighting.com\/iluminaciones-a-la-medida\"]}]},{\"@type\":\"ImageObject\",\"inLanguage\":\"en-US\",\"@id\":\"https:\/\/mvlighting.com\/iluminaciones-a-la-medida#primaryimage\",\"url\":\"https:\/\/mvlighting.com\/wp-content\/uploads\/2019\/10\/Men\u00fa-Custom-Products02.png\",\"contentUrl\":\"https:\/\/mvlighting.com\/wp-content\/uploads\/2019\/10\/Men\u00fa-Custom-Products02.png\",\"width\":1920,\"height\":1080},{\"@type\":\"BreadcrumbList\",\"@id\":\"https:\/\/mvlighting.com\/iluminaciones-a-la-medida#breadcrumb\",\"itemListElement\":[{\"@type\":\"ListItem\",\"position\":1,\"name\":\"Home\",\"item\":\"https:\/\/mvlighting.com\/\"},{\"@type\":\"ListItem\",\"position\":2,\"name\":\"Iluminaciones a la medida\"}]},{\"@type\":\"WebSite\",\"@id\":\"https:\/\/mvlighting.com\/#website\",\"url\":\"https:\/\/mvlighting.com\/\",\"name\":\"MV Lighting\",\"description\":\"Lighting solution for machine vision\",\"publisher\":{\"@id\":\"https:\/\/mvlighting.com\/#organization\"},\"potentialAction\":[{\"@type\":\"SearchAction\",\"target\":{\"@type\":\"EntryPoint\",\"urlTemplate\":\"https:\/\/mvlighting.com\/?s={search_term_string}\"},\"query-input\":{\"@type\":\"PropertyValueSpecification\",\"valueRequired\":true,\"valueName\":\"search_term_string\"}}],\"inLanguage\":\"en-US\"},{\"@type\":\"Organization\",\"@id\":\"https:\/\/mvlighting.com\/#organization\",\"name\":\"MV Lighting\",\"url\":\"https:\/\/mvlighting.com\/\",\"logo\":{\"@type\":\"ImageObject\",\"inLanguage\":\"en-US\",\"@id\":\"https:\/\/mvlighting.com\/#\/schema\/logo\/image\/\",\"url\":\"\",\"contentUrl\":\"\",\"caption\":\"MV Lighting\"},\"image\":{\"@id\":\"https:\/\/mvlighting.com\/#\/schema\/logo\/image\/\"}}]}<\/script>\n<!-- \/ Yoast SEO plugin. -->","yoast_head_json":{"title":"Iluminaciones a la medida - MV Lighting","robots":{"index":"index","follow":"follow","max-snippet":"max-snippet:-1","max-image-preview":"max-image-preview:large","max-video-preview":"max-video-preview:-1"},"canonical":"https:\/\/mvlighting.com\/en\/iluminaciones-a-la-medida\/","og_locale":"en_US","og_type":"article","og_title":"Iluminaciones a la medida - MV Lighting","og_url":"https:\/\/mvlighting.com\/en\/iluminaciones-a-la-medida\/","og_site_name":"MV Lighting","article_modified_time":"2021-04-12T18:03:14+00:00","og_image":[{"width":1920,"height":1080,"url":"https:\/\/mvlighting.com\/wp-content\/uploads\/2019\/10\/Men\u00fa-Custom-Products02.png","type":"image\/png"}],"twitter_card":"summary_large_image","twitter_misc":{"Est. reading time":"1 minute"},"schema":{"@context":"https:\/\/schema.org","@graph":[{"@type":"WebPage","@id":"https:\/\/mvlighting.com\/iluminaciones-a-la-medida","url":"https:\/\/mvlighting.com\/iluminaciones-a-la-medida","name":"Iluminaciones a la medida - MV Lighting","isPartOf":{"@id":"https:\/\/mvlighting.com\/#website"},"primaryImageOfPage":{"@id":"https:\/\/mvlighting.com\/iluminaciones-a-la-medida#primaryimage"},"image":{"@id":"https:\/\/mvlighting.com\/iluminaciones-a-la-medida#primaryimage"},"thumbnailUrl":"https:\/\/mvlighting.com\/wp-content\/uploads\/2019\/10\/Men\u00fa-Custom-Products02.png","datePublished":"2020-08-17T16:26:04+00:00","dateModified":"2021-04-12T18:03:14+00:00","breadcrumb":{"@id":"https:\/\/mvlighting.com\/iluminaciones-a-la-medida#breadcrumb"},"inLanguage":"en-US","potentialAction":[{"@type":"ReadAction","target":["https:\/\/mvlighting.com\/iluminaciones-a-la-medida"]}]},{"@type":"ImageObject","inLanguage":"en-US","@id":"https:\/\/mvlighting.com\/iluminaciones-a-la-medida#primaryimage","url":"https:\/\/mvlighting.com\/wp-content\/uploads\/2019\/10\/Men\u00fa-Custom-Products02.png","contentUrl":"https:\/\/mvlighting.com\/wp-content\/uploads\/2019\/10\/Men\u00fa-Custom-Products02.png","width":1920,"height":1080},{"@type":"BreadcrumbList","@id":"https:\/\/mvlighting.com\/iluminaciones-a-la-medida#breadcrumb","itemListElement":[{"@type":"ListItem","position":1,"name":"Home","item":"https:\/\/mvlighting.com\/"},{"@type":"ListItem","position":2,"name":"Iluminaciones a la medida"}]},{"@type":"WebSite","@id":"https:\/\/mvlighting.com\/#website","url":"https:\/\/mvlighting.com\/","name":"MV Lighting","description":"Lighting solution for machine vision","publisher":{"@id":"https:\/\/mvlighting.com\/#organization"},"potentialAction":[{"@type":"SearchAction","target":{"@type":"EntryPoint","urlTemplate":"https:\/\/mvlighting.com\/?s={search_term_string}"},"query-input":{"@type":"PropertyValueSpecification","valueRequired":true,"valueName":"search_term_string"}}],"inLanguage":"en-US"},{"@type":"Organization","@id":"https:\/\/mvlighting.com\/#organization","name":"MV Lighting","url":"https:\/\/mvlighting.com\/","logo":{"@type":"ImageObject","inLanguage":"en-US","@id":"https:\/\/mvlighting.com\/#\/schema\/logo\/image\/","url":"","contentUrl":"","caption":"MV Lighting"},"image":{"@id":"https:\/\/mvlighting.com\/#\/schema\/logo\/image\/"}}]}},"_links":{"self":[{"href":"https:\/\/mvlighting.com\/en\/wp-json\/wp\/v2\/pages\/1838","targetHints":{"allow":["GET"]}}],"collection":[{"href":"https:\/\/mvlighting.com\/en\/wp-json\/wp\/v2\/pages"}],"about":[{"href":"https:\/\/mvlighting.com\/en\/wp-json\/wp\/v2\/types\/page"}],"author":[{"embeddable":true,"href":"https:\/\/mvlighting.com\/en\/wp-json\/wp\/v2\/users\/1"}],"replies":[{"embeddable":true,"href":"https:\/\/mvlighting.com\/en\/wp-json\/wp\/v2\/comments?post=1838"}],"version-history":[{"count":23,"href":"https:\/\/mvlighting.com\/en\/wp-json\/wp\/v2\/pages\/1838\/revisions"}],"predecessor-version":[{"id":2212,"href":"https:\/\/mvlighting.com\/en\/wp-json\/wp\/v2\/pages\/1838\/revisions\/2212"}],"wp:featuredmedia":[{"embeddable":true,"href":"https:\/\/mvlighting.com\/en\/wp-json\/wp\/v2\/media\/1333"}],"wp:attachment":[{"href":"https:\/\/mvlighting.com\/en\/wp-json\/wp\/v2\/media?parent=1838"}],"curies":[{"name":"wp","href":"https:\/\/api.w.org\/{rel}","templated":true}]}}