{"id":2033,"date":"2020-09-25T18:04:47","date_gmt":"2020-09-25T18:04:47","guid":{"rendered":"https:\/\/mvlighting.com\/?page_id=2033"},"modified":"2022-02-01T15:03:50","modified_gmt":"2022-02-01T15:03:50","slug":"barra-versiones","status":"publish","type":"page","link":"https:\/\/mvlighting.com\/en\/barra-versiones","title":{"rendered":"Barra &#8211; Versiones"},"content":{"rendered":"<div id=\"fws_69e610533ada2\" class=\"vc_row wpb_row vc_row-fluid   row-dynamic-el section-style parallax_section mobile_parallax_section\" style=\"background-repeat: no-repeat;  background-image: url(https:\/\/mvlighting.com\/wp-content\/uploads\/2019\/10\/20190607_080258.jpg); background-position: 50% 0px; \" ><div  style=\"position: absolute;top: 0;\"><\/div><div class=\"bg-overlay\" style=\"background:rgba(114,114,114,0.8 );\"><\/div><div class=\"container animate_onoffset dark\"><div class=\"section_clear\">\n\t<div class=\"vc_col-sm-12 wpb_column column_container\" style=\"\" data-animation=\"none\" data-delay=\"\">\n\t\t\t<div class=\"wpb_wrapper\">\n\t\t\t\t<div class=\"vc_custom_heading wpb_content_element\" ><h2 style=\"color: #ffffff;text-align: center\" >BAR LIGHTS<\/h2><\/div>\n\t\t\t<\/div> \n\t<\/div> \n<\/div><\/div><\/div><div id=\"fws_69e610533bc6a\" class=\"vc_row wpb_row vc_row-fluid  animate_onoffset row-dynamic-el section-style\" style=\"padding-top: 35px ; padding-bottom: 50px ; \" ><div  style=\"position: absolute;top: 0;\"><\/div><div class=\"container  dark\"><div class=\"section_clear\">\n\t<div class=\"vc_col-sm-12 wpb_column column_container vc_custom_1643727826371  vc_custom_1643727826371\" style=\"\" data-animation=\"none\" data-delay=\"\">\n\t\t\t<div class=\"wpb_wrapper\">\n\t\t\t\t\n\t<div class=\"wpb_text_column wpb_content_element  vc_custom_1601074111418\">\n\t\t<div class=\"wpb_wrapper\" >\n\t\t\t<p style=\"text-align: center;\">Bar illuminators are a source of diffuse and uniform light. They provide a band of light on the target or along the edge of the lens to achieve uniform illumination in the localized area.<\/p>\n\n\t\t<\/div> \n\t<\/div> <div class=\"vc_row wpb_row vc_inner vc_row-fluid vc_custom_1599777277302 vc_column-gap-35 vc_row-o-equal-height vc_row-flex\"><div class=\"wpb_column vc_column_container vc_col-sm-2 vc_hidden-xs\"><div class=\"vc_column-inner\"><div class=\"wpb_wrapper\"><\/div><\/div><\/div><div class=\"wpb_column vc_column_container vc_col-sm-4 vc_col-has-fill\"><div class=\"vc_column-inner vc_custom_1643676515773\"><div class=\"wpb_wrapper\"><div class=\"wpb_content_element media_align_center media media_el animate_onoffset\"><div class=\"media_wrapper\" style=\"width:240px;position:relative; left:50%; margin-left:-120px;\" ><a href=\"https:\/\/mvlighting.com\/en\/barra-versiones\/bl\/\" target=\"_blank\"><img decoding=\"async\" src=\"https:\/\/mvlighting.com\/wp-content\/uploads\/2021\/06\/Edit_BL_v01a.png\" alt=\"Media\" class=\"type_image animated fadeInnone alignment_center\" \/><\/a><\/div><\/div><div class=\"vc_custom_heading vc_custom_1601069480588 wpb_content_element\" ><h2 style=\"font-size: 24px;text-align: center;font-family:Coda;font-weight:400;font-style:normal\" ><a href=\"https:\/\/mvlighting.com\/en\/barra-versiones\/bl\/\" title=\"BL\">BL<\/a><\/h2><\/div>\n\t<div class=\"wpb_text_column wpb_content_element\">\n\t\t<div class=\"wpb_wrapper\" >\n\t\t\t<p style=\"text-align: center;\">Super wide beam angle<br \/>\nIt has integrated driver, trigger and PWM dimmer.<br \/>\nOptional analog dimmer<\/p>\n\n\t\t<\/div> \n\t<\/div> <\/div><\/div><\/div><div class=\"wpb_column vc_column_container vc_col-sm-4 vc_col-has-fill\"><div class=\"vc_column-inner vc_custom_1643676533462\"><div class=\"wpb_wrapper\"><div class=\"wpb_content_element media_align_center media media_el animate_onoffset\"><div class=\"media_wrapper\" style=\"width:240px;position:relative; left:50%; margin-left:-120px;\" ><a href=\"https:\/\/mvlighting.com\/en\/barra-versiones\/bll\/\" target=\"_blank\"><img decoding=\"async\" src=\"https:\/\/mvlighting.com\/wp-content\/uploads\/2021\/07\/Edit_BLL_v01a.png\" alt=\"Media\" class=\"type_image animated fadeInnone alignment_center\" \/><\/a><\/div><\/div><div class=\"vc_custom_heading vc_custom_1601069505626 wpb_content_element\" ><h2 style=\"font-size: 24px;text-align: center;font-family:Coda;font-weight:400;font-style:normal\" ><a href=\"https:\/\/mvlighting.com\/en\/barra-versiones\/bll\/\" title=\"BLL\">BLL<\/a><\/h2><\/div>\n\t<div class=\"wpb_text_column wpb_content_element\">\n\t\t<div class=\"wpb_wrapper\" >\n\t\t\t<p style=\"text-align: center;\">Lighting concentrated area through optical lenses.<br \/>\nIt has integrated driver, trigger and PWM dimmer.<br \/>\nOptional analog dimmer<\/p>\n\n\t\t<\/div> \n\t<\/div> <\/div><\/div><\/div><div class=\"wpb_column vc_column_container vc_col-sm-2 vc_hidden-xs vc_col-has-fill\"><div class=\"vc_column-inner vc_custom_1643676452251\"><div class=\"wpb_wrapper\"><\/div><\/div><\/div><\/div>\n\t\t\t<\/div> \n\t<\/div> \n<\/div><\/div><\/div><div id=\"fws_69e610533ed37\" class=\"vc_row wpb_row vc_row-fluid  animate_onoffset row-dynamic-el standard_section\" style=\"\" ><div  style=\"position: absolute;top: 0;\"><\/div><div class=\"container  dark\"><div class=\"section_clear\">\n\t<div class=\"vc_col-sm-12 wpb_column column_container\" style=\"\" data-animation=\"none\" data-delay=\"\">\n\t\t\t<div class=\"wpb_wrapper\">\n\t\t\t\t<div class=\"vc_empty_space\"   style=\"height: 50px\"><span class=\"vc_empty_space_inner\"><\/span><\/div>\n\t\t\t<\/div> \n\t<\/div> \n<\/div><\/div><\/div>","protected":false},"excerpt":{"rendered":"BARRAS Las iluminaciones de barra son una fuente de luz difusa y uniforme. Proporcionan una banda de luz sobre el objetivo o a lo largo del borde de la lente para lograr una iluminaci\u00f3n uniforme en el \u00e1rea localizada.. BL \u00c1ngulo de haz super ancho. Cuenta con driver, trigger y dimmer PWM integrados. Opcional dimmer [...]","protected":false},"author":1,"featured_media":1439,"parent":0,"menu_order":0,"comment_status":"closed","ping_status":"closed","template":"","meta":{"footnotes":""},"class_list":["post-2033","page","type-page","status-publish","has-post-thumbnail","hentry"],"yoast_head":"<!-- This site is optimized with the Yoast SEO plugin v24.9 - https:\/\/yoast.com\/wordpress\/plugins\/seo\/ -->\n<title>Barra - Versiones - MV Lighting<\/title>\n<meta name=\"robots\" content=\"index, follow, max-snippet:-1, max-image-preview:large, max-video-preview:-1\" \/>\n<link rel=\"canonical\" href=\"https:\/\/mvlighting.com\/en\/barra-versiones\/\" \/>\n<meta property=\"og:locale\" content=\"en_US\" \/>\n<meta property=\"og:type\" content=\"article\" \/>\n<meta property=\"og:title\" content=\"Barra - Versiones - MV Lighting\" \/>\n<meta property=\"og:url\" content=\"https:\/\/mvlighting.com\/en\/barra-versiones\/\" \/>\n<meta property=\"og:site_name\" content=\"MV Lighting\" \/>\n<meta property=\"article:modified_time\" content=\"2022-02-01T15:03:50+00:00\" \/>\n<meta property=\"og:image\" content=\"https:\/\/mvlighting.com\/wp-content\/uploads\/2019\/11\/Accessories.png\" \/>\n\t<meta property=\"og:image:width\" content=\"1502\" \/>\n\t<meta property=\"og:image:height\" content=\"1080\" \/>\n\t<meta property=\"og:image:type\" content=\"image\/png\" \/>\n<meta name=\"twitter:card\" content=\"summary_large_image\" \/>\n<meta name=\"twitter:label1\" content=\"Est. reading time\" \/>\n\t<meta name=\"twitter:data1\" content=\"3 minutes\" \/>\n<script type=\"application\/ld+json\" class=\"yoast-schema-graph\">{\"@context\":\"https:\/\/schema.org\",\"@graph\":[{\"@type\":\"WebPage\",\"@id\":\"https:\/\/mvlighting.com\/barra-versiones\",\"url\":\"https:\/\/mvlighting.com\/barra-versiones\",\"name\":\"Barra - Versiones - MV Lighting\",\"isPartOf\":{\"@id\":\"https:\/\/mvlighting.com\/#website\"},\"primaryImageOfPage\":{\"@id\":\"https:\/\/mvlighting.com\/barra-versiones#primaryimage\"},\"image\":{\"@id\":\"https:\/\/mvlighting.com\/barra-versiones#primaryimage\"},\"thumbnailUrl\":\"https:\/\/mvlighting.com\/wp-content\/uploads\/2019\/11\/Accessories.png\",\"datePublished\":\"2020-09-25T18:04:47+00:00\",\"dateModified\":\"2022-02-01T15:03:50+00:00\",\"breadcrumb\":{\"@id\":\"https:\/\/mvlighting.com\/barra-versiones#breadcrumb\"},\"inLanguage\":\"en-US\",\"potentialAction\":[{\"@type\":\"ReadAction\",\"target\":[\"https:\/\/mvlighting.com\/barra-versiones\"]}]},{\"@type\":\"ImageObject\",\"inLanguage\":\"en-US\",\"@id\":\"https:\/\/mvlighting.com\/barra-versiones#primaryimage\",\"url\":\"https:\/\/mvlighting.com\/wp-content\/uploads\/2019\/11\/Accessories.png\",\"contentUrl\":\"https:\/\/mvlighting.com\/wp-content\/uploads\/2019\/11\/Accessories.png\",\"width\":1502,\"height\":1080},{\"@type\":\"BreadcrumbList\",\"@id\":\"https:\/\/mvlighting.com\/barra-versiones#breadcrumb\",\"itemListElement\":[{\"@type\":\"ListItem\",\"position\":1,\"name\":\"Home\",\"item\":\"https:\/\/mvlighting.com\/\"},{\"@type\":\"ListItem\",\"position\":2,\"name\":\"Barra &#8211; Versiones\"}]},{\"@type\":\"WebSite\",\"@id\":\"https:\/\/mvlighting.com\/#website\",\"url\":\"https:\/\/mvlighting.com\/\",\"name\":\"MV Lighting\",\"description\":\"Lighting solution for machine vision\",\"publisher\":{\"@id\":\"https:\/\/mvlighting.com\/#organization\"},\"potentialAction\":[{\"@type\":\"SearchAction\",\"target\":{\"@type\":\"EntryPoint\",\"urlTemplate\":\"https:\/\/mvlighting.com\/?s={search_term_string}\"},\"query-input\":{\"@type\":\"PropertyValueSpecification\",\"valueRequired\":true,\"valueName\":\"search_term_string\"}}],\"inLanguage\":\"en-US\"},{\"@type\":\"Organization\",\"@id\":\"https:\/\/mvlighting.com\/#organization\",\"name\":\"MV Lighting\",\"url\":\"https:\/\/mvlighting.com\/\",\"logo\":{\"@type\":\"ImageObject\",\"inLanguage\":\"en-US\",\"@id\":\"https:\/\/mvlighting.com\/#\/schema\/logo\/image\/\",\"url\":\"\",\"contentUrl\":\"\",\"caption\":\"MV Lighting\"},\"image\":{\"@id\":\"https:\/\/mvlighting.com\/#\/schema\/logo\/image\/\"}}]}<\/script>\n<!-- \/ Yoast SEO plugin. -->","yoast_head_json":{"title":"Barra - Versiones - MV Lighting","robots":{"index":"index","follow":"follow","max-snippet":"max-snippet:-1","max-image-preview":"max-image-preview:large","max-video-preview":"max-video-preview:-1"},"canonical":"https:\/\/mvlighting.com\/en\/barra-versiones\/","og_locale":"en_US","og_type":"article","og_title":"Barra - Versiones - MV Lighting","og_url":"https:\/\/mvlighting.com\/en\/barra-versiones\/","og_site_name":"MV Lighting","article_modified_time":"2022-02-01T15:03:50+00:00","og_image":[{"width":1502,"height":1080,"url":"https:\/\/mvlighting.com\/wp-content\/uploads\/2019\/11\/Accessories.png","type":"image\/png"}],"twitter_card":"summary_large_image","twitter_misc":{"Est. reading time":"3 minutes"},"schema":{"@context":"https:\/\/schema.org","@graph":[{"@type":"WebPage","@id":"https:\/\/mvlighting.com\/barra-versiones","url":"https:\/\/mvlighting.com\/barra-versiones","name":"Barra - Versiones - MV Lighting","isPartOf":{"@id":"https:\/\/mvlighting.com\/#website"},"primaryImageOfPage":{"@id":"https:\/\/mvlighting.com\/barra-versiones#primaryimage"},"image":{"@id":"https:\/\/mvlighting.com\/barra-versiones#primaryimage"},"thumbnailUrl":"https:\/\/mvlighting.com\/wp-content\/uploads\/2019\/11\/Accessories.png","datePublished":"2020-09-25T18:04:47+00:00","dateModified":"2022-02-01T15:03:50+00:00","breadcrumb":{"@id":"https:\/\/mvlighting.com\/barra-versiones#breadcrumb"},"inLanguage":"en-US","potentialAction":[{"@type":"ReadAction","target":["https:\/\/mvlighting.com\/barra-versiones"]}]},{"@type":"ImageObject","inLanguage":"en-US","@id":"https:\/\/mvlighting.com\/barra-versiones#primaryimage","url":"https:\/\/mvlighting.com\/wp-content\/uploads\/2019\/11\/Accessories.png","contentUrl":"https:\/\/mvlighting.com\/wp-content\/uploads\/2019\/11\/Accessories.png","width":1502,"height":1080},{"@type":"BreadcrumbList","@id":"https:\/\/mvlighting.com\/barra-versiones#breadcrumb","itemListElement":[{"@type":"ListItem","position":1,"name":"Home","item":"https:\/\/mvlighting.com\/"},{"@type":"ListItem","position":2,"name":"Barra &#8211; Versiones"}]},{"@type":"WebSite","@id":"https:\/\/mvlighting.com\/#website","url":"https:\/\/mvlighting.com\/","name":"MV Lighting","description":"Lighting solution for machine vision","publisher":{"@id":"https:\/\/mvlighting.com\/#organization"},"potentialAction":[{"@type":"SearchAction","target":{"@type":"EntryPoint","urlTemplate":"https:\/\/mvlighting.com\/?s={search_term_string}"},"query-input":{"@type":"PropertyValueSpecification","valueRequired":true,"valueName":"search_term_string"}}],"inLanguage":"en-US"},{"@type":"Organization","@id":"https:\/\/mvlighting.com\/#organization","name":"MV Lighting","url":"https:\/\/mvlighting.com\/","logo":{"@type":"ImageObject","inLanguage":"en-US","@id":"https:\/\/mvlighting.com\/#\/schema\/logo\/image\/","url":"","contentUrl":"","caption":"MV Lighting"},"image":{"@id":"https:\/\/mvlighting.com\/#\/schema\/logo\/image\/"}}]}},"_links":{"self":[{"href":"https:\/\/mvlighting.com\/en\/wp-json\/wp\/v2\/pages\/2033","targetHints":{"allow":["GET"]}}],"collection":[{"href":"https:\/\/mvlighting.com\/en\/wp-json\/wp\/v2\/pages"}],"about":[{"href":"https:\/\/mvlighting.com\/en\/wp-json\/wp\/v2\/types\/page"}],"author":[{"embeddable":true,"href":"https:\/\/mvlighting.com\/en\/wp-json\/wp\/v2\/users\/1"}],"replies":[{"embeddable":true,"href":"https:\/\/mvlighting.com\/en\/wp-json\/wp\/v2\/comments?post=2033"}],"version-history":[{"count":19,"href":"https:\/\/mvlighting.com\/en\/wp-json\/wp\/v2\/pages\/2033\/revisions"}],"predecessor-version":[{"id":2341,"href":"https:\/\/mvlighting.com\/en\/wp-json\/wp\/v2\/pages\/2033\/revisions\/2341"}],"wp:featuredmedia":[{"embeddable":true,"href":"https:\/\/mvlighting.com\/en\/wp-json\/wp\/v2\/media\/1439"}],"wp:attachment":[{"href":"https:\/\/mvlighting.com\/en\/wp-json\/wp\/v2\/media?parent=2033"}],"curies":[{"name":"wp","href":"https:\/\/api.w.org\/{rel}","templated":true}]}}