{"id":2104,"date":"2020-10-14T23:12:25","date_gmt":"2020-10-14T23:12:25","guid":{"rendered":"https:\/\/mvlighting.com\/?page_id=2104"},"modified":"2022-12-21T00:18:06","modified_gmt":"2022-12-21T00:18:06","slug":"anillo","status":"publish","type":"page","link":"https:\/\/mvlighting.com\/en\/inicio\/anillo","title":{"rendered":"Ring light"},"content":{"rendered":"<div id=\"fws_69e62a6d7493e\" class=\"vc_row wpb_row vc_row-fluid   row-dynamic-el section-style parallax_section mobile_parallax_section\" style=\"background-repeat: no-repeat; padding-top: 60px ; padding-bottom: 60px ;  background-image: url(https:\/\/mvlighting.com\/wp-content\/uploads\/2019\/10\/20190607_080258.jpg); background-position: 50% 0px; \" ><div  style=\"position: absolute;top: 0;\"><\/div><div class=\"bg-overlay\" style=\"background:rgba(114,114,114,0.8 );\"><\/div><div class=\"container animate_onoffset dark\"><div class=\"section_clear\">\n\t<div class=\"vc_col-sm-12 wpb_column column_container\" style=\"\" data-animation=\"none\" data-delay=\"\">\n\t\t\t<div class=\"wpb_wrapper\">\n\t\t\t\t<div class=\"vc_custom_heading wpb_content_element\" ><h2 style=\"color: #ffffff;text-align: center\" >Ring light<\/h2><\/div>\n\t\t\t<\/div> \n\t<\/div> \n<\/div><\/div><\/div><div id=\"fws_69e62a6d753ce\" class=\"vc_row wpb_row vc_row-fluid  animate_onoffset row-dynamic-el section-style\" style=\"padding-top: 20px ; padding-bottom: 50px ; \" ><div  style=\"position: absolute;top: 0;\"><\/div><div class=\"container  dark\"><div class=\"section_clear\">\n\t<div class=\"vc_col-sm-12 wpb_column column_container\" style=\"\" data-animation=\"none\" data-delay=\"\">\n\t\t\t<div class=\"wpb_wrapper\">\n\t\t\t\t<div class=\"vc_row wpb_row vc_inner vc_row-fluid vc_custom_1573000050493 vc_row-o-equal-height vc_row-flex\"><div class=\"wpb_column vc_column_container vc_col-sm-6 vc_hidden-xs\"><div class=\"vc_column-inner vc_custom_1589902200248\"><div class=\"wpb_wrapper\"><div class=\"wpb_content_element media_align_center media media_el animate_onoffset\"><div class=\"media_wrapper\" style=\"width:350px;position:relative; left:50%; margin-left:-175px;\" ><img decoding=\"async\" src=\"https:\/\/mvlighting.com\/wp-content\/uploads\/2020\/11\/RL115_12png.png\" alt=\"Alt Text\" class=\"type_image animated fadeInnone alignment_center\" \/><\/div><\/div><\/div><\/div><\/div><div class=\"wpb_column vc_column_container vc_col-sm-6 vc_hidden-xs\"><div class=\"vc_column-inner\"><div class=\"wpb_wrapper\">\n\t<div class=\"wpb_text_column wpb_content_element  vc_custom_1602716054513\">\n\t\t<div class=\"wpb_wrapper\" >\n\t\t\t<p><strong><span style=\"font-family: helvetica, arial, sans-serif; font-size: 14pt; color: #000000;\">RL Series<br \/>\n<\/span><\/strong><span style=\"font-family: helvetica, arial, sans-serif; font-size: 14pt;\"><span style=\"font-size: 10pt;\">Ring light<\/span><\/span><strong><span style=\"font-family: helvetica, arial, sans-serif; font-size: 14pt; color: #000000;\"><br \/>\n<\/span><\/strong><\/p>\n<ul>\n<li><span style=\"color: #000000; font-size: 12pt;\">High uniformity<\/span><\/li>\n<li><span style=\"color: #000000; font-size: 12pt;\">High intensity<\/span><\/li>\n<li><span style=\"color: #000000; font-size: 12pt;\">Reverse polarity protection<br \/>\n<\/span><\/li>\n<li><span style=\"color: #000000;\">Built-in trigger<\/span><\/li>\n<\/ul>\n\n\t\t<\/div> \n\t<\/div> \n\t<div class=\"wpb_text_column wpb_content_element\">\n\t\t<div class=\"wpb_wrapper\" >\n\t\t\t<p><span style=\"color: #003366;\"><strong>DOWNLOAD<\/strong><\/span><\/p>\n<table style=\"border-collapse: collapse; width: 100%; height: 10px;\">\n<tbody>\n<tr style=\"height: 25px;\">\n<td style=\"width: 31.0153%; height: 10px;\"><a href=\"https:\/\/mvlighting.com\/wp-content\/uploads\/2022\/04\/RL115_Datasheet_v03a.pdf\" target=\"_blank\" rel=\"noopener noreferrer\"><img loading=\"lazy\" decoding=\"async\" class=\"wp-image-825 alignnone\" src=\"http:\/\/mvlighting.com\/wp-content\/uploads\/2019\/10\/icon-pdf-150x150.png\" alt=\"\" width=\"30\" height=\"30\" srcset=\"https:\/\/mvlighting.com\/wp-content\/uploads\/2019\/10\/icon-pdf-150x150.png 150w, https:\/\/mvlighting.com\/wp-content\/uploads\/2019\/10\/icon-pdf-300x300.png 300w, https:\/\/mvlighting.com\/wp-content\/uploads\/2019\/10\/icon-pdf-768x768.png 768w, https:\/\/mvlighting.com\/wp-content\/uploads\/2019\/10\/icon-pdf-1024x1024.png 1024w, https:\/\/mvlighting.com\/wp-content\/uploads\/2019\/10\/icon-pdf-600x600.png 600w, https:\/\/mvlighting.com\/wp-content\/uploads\/2019\/10\/icon-pdf-350x350.png 350w, https:\/\/mvlighting.com\/wp-content\/uploads\/2019\/10\/icon-pdf-100x100.png 100w, https:\/\/mvlighting.com\/wp-content\/uploads\/2019\/10\/icon-pdf.png 1200w\" sizes=\"auto, (max-width: 30px) 100vw, 30px\" \/><span style=\"color: #0000ff; font-size: 10pt;\"> RL115 Datasheet<\/span><\/a><\/td>\n<td style=\"width: 33.1122%; height: 10px;\"><\/td>\n<\/tr>\n<\/tbody>\n<\/table>\n\n\t\t<\/div> \n\t<\/div> <\/div><\/div><\/div><\/div><div class=\"vc_row wpb_row vc_inner vc_row-fluid vc_custom_1573000050493 vc_row-o-equal-height vc_row-flex\"><div class=\"wpb_column vc_column_container vc_col-sm-6 vc_hidden-lg vc_hidden-md vc_hidden-sm\"><div class=\"vc_column-inner vc_custom_1589902157841\"><div class=\"wpb_wrapper\"><div class=\"wpb_content_element media_align_center media media_el animate_onoffset\"><div class=\"media_wrapper\" style=\"width:200px;position:relative; left:50%; margin-left:-100px;\" ><img decoding=\"async\" src=\"https:\/\/mvlighting.com\/wp-content\/uploads\/2020\/10\/RL115_1.png\" alt=\"Alt Text\" class=\"type_image animated fadeInnone alignment_center\" \/><\/div><\/div><\/div><\/div><\/div><div class=\"wpb_column vc_column_container vc_col-sm-6 vc_hidden-lg vc_hidden-md vc_hidden-sm\"><div class=\"vc_column-inner\"><div class=\"wpb_wrapper\">\n\t<div class=\"wpb_text_column wpb_content_element  vc_custom_1602716035621\">\n\t\t<div class=\"wpb_wrapper\" >\n\t\t\t<p><strong><span style=\"font-family: helvetica, arial, sans-serif; font-size: 14pt; color: #000000;\">RL Series<br \/>\n<\/span><\/strong><span style=\"font-family: helvetica, arial, sans-serif; font-size: 14pt;\"><span style=\"font-size: 10pt;\">Ring light<\/span><\/span><strong><span style=\"font-family: helvetica, arial, sans-serif; font-size: 14pt; color: #000000;\"><br \/>\n<\/span><\/strong><\/p>\n<ul>\n<li><span style=\"color: #000000; font-size: 12pt;\">High uniformity<\/span><\/li>\n<li><span style=\"color: #000000; font-size: 12pt;\">High intensity<\/span><\/li>\n<li><span style=\"color: #000000; font-size: 12pt;\">Reverse polarity protection<br \/>\n<\/span><\/li>\n<li><span style=\"color: #000000;\">Built-in trigger<\/span><\/li>\n<\/ul>\n\n\t\t<\/div> \n\t<\/div> \n\t<div class=\"wpb_text_column wpb_content_element\">\n\t\t<div class=\"wpb_wrapper\" >\n\t\t\t<p><span style=\"color: #003366;\"><strong>DOWNLOAD<\/strong><\/span><\/p>\n<table style=\"border-collapse: collapse; width: 100%; height: 10px;\">\n<tbody>\n<tr style=\"height: 25px;\">\n<td style=\"width: 31.0153%; height: 10px;\"><a href=\"https:\/\/mvlighting.com\/wp-content\/uploads\/2022\/04\/RL115_Datasheet_v03a.pdf\" target=\"_blank\" rel=\"noopener noreferrer\"><img loading=\"lazy\" decoding=\"async\" class=\"wp-image-825 alignnone\" src=\"http:\/\/mvlighting.com\/wp-content\/uploads\/2019\/10\/icon-pdf-150x150.png\" alt=\"\" width=\"30\" height=\"30\" srcset=\"https:\/\/mvlighting.com\/wp-content\/uploads\/2019\/10\/icon-pdf-150x150.png 150w, https:\/\/mvlighting.com\/wp-content\/uploads\/2019\/10\/icon-pdf-300x300.png 300w, https:\/\/mvlighting.com\/wp-content\/uploads\/2019\/10\/icon-pdf-768x768.png 768w, https:\/\/mvlighting.com\/wp-content\/uploads\/2019\/10\/icon-pdf-1024x1024.png 1024w, https:\/\/mvlighting.com\/wp-content\/uploads\/2019\/10\/icon-pdf-600x600.png 600w, https:\/\/mvlighting.com\/wp-content\/uploads\/2019\/10\/icon-pdf-350x350.png 350w, https:\/\/mvlighting.com\/wp-content\/uploads\/2019\/10\/icon-pdf-100x100.png 100w, https:\/\/mvlighting.com\/wp-content\/uploads\/2019\/10\/icon-pdf.png 1200w\" sizes=\"auto, (max-width: 30px) 100vw, 30px\" \/><span style=\"color: #0000ff; font-size: 10pt;\"> RL115 Datasheet<\/span><\/a><\/td>\n<td style=\"width: 33.1122%; height: 10px;\"><\/td>\n<\/tr>\n<\/tbody>\n<\/table>\n\n\t\t<\/div> \n\t<\/div> <\/div><\/div><\/div><\/div>\n\t<div class=\"wpb_text_column wpb_content_element  vc_custom_1602716107011\">\n\t\t<div class=\"wpb_wrapper\" >\n\t\t\t<p style=\"text-align: center;\"><span style=\"color: #000000; font-size: 13pt;\">Ring lightings are a cost effective, easily integrated solution to illuminate surfaces.<\/span><\/p>\n\n\t\t<\/div> \n\t<\/div> \n\t<div class=\"wpb_text_column wpb_content_element  vc_custom_1602716537325\">\n\t\t<div class=\"wpb_wrapper\" >\n\t\t\t<table style=\"height: 70px; width: 88.3875%; margin: 0px auto; border-color: #ffffff; border-style: solid;\" border=\"1.5\" width=\"88.3875%\">\n<tbody>\n<tr style=\"height: 30px; background-color: #397fc4; border-style: none; border-color: #ffffff;\">\n<td style=\"height: 30px; width: 15.0132%; text-align: center;\" width=\"55%\"><span style=\"color: #ffffff;\">\u00a0MODEL<\/span><\/td>\n<td style=\"width: 14.0802%; height: 30px; text-align: center;\"><span style=\"color: #ffffff;\">\u00a0COLOR<\/span><\/td>\n<td style=\"width: 15.116%; height: 30px; text-align: center;\"><span style=\"color: #ffffff;\">OUTSIDE DIAMETER<\/span><\/td>\n<\/tr>\n<tr style=\"height: 10px; background-color: #f8f8f8;\">\n<td style=\"height: 10px; width: 15.0132%; text-align: center;\" width=\"55%\"><span style=\"color: #000000;\">RL115-W57<\/span><\/td>\n<td style=\"width: 14.0802%; height: 10px; text-align: center;\"><span style=\"color: #000000;\">White<\/span><\/td>\n<td style=\"width: 15.116%; height: 10px; text-align: center;\"><span style=\"color: #000000;\">\u00d8 115 mm<\/span><\/td>\n<\/tr>\n<tr style=\"height: 10px; background-color: #fafafa;\">\n<td style=\"height: 10px; width: 15.0132%; text-align: center;\" width=\"55%\"><span style=\"color: #000000;\">RL115-625<\/span><\/td>\n<td style=\"width: 14.0802%; height: 10px; text-align: center;\"><span style=\"color: #000000;\">Red<\/span><\/td>\n<td style=\"width: 15.116%; height: 10px; text-align: center;\"><span style=\"color: #000000;\">\u00d8 115mm<\/span><\/td>\n<\/tr>\n<tr style=\"height: 10px; background-color: #f8f8f8;\">\n<td style=\"height: 10px; width: 15.0132%; text-align: center;\" width=\"55%\"><span style=\"color: #000000;\">RL150-W57<\/span><\/td>\n<td style=\"width: 14.0802%; height: 10px; text-align: center;\"><span style=\"color: #000000;\">White<\/span><\/td>\n<td style=\"width: 15.116%; height: 10px; text-align: center;\"><span style=\"color: #000000;\">\u00d8 150 mm<\/span><\/td>\n<\/tr>\n<tr style=\"height: 10px; background-color: #fafafa;\">\n<td style=\"height: 10px; width: 15.0132%; text-align: center;\" width=\"55%\"><span style=\"color: #000000;\">RL150-625<\/span><\/td>\n<td style=\"width: 14.0802%; height: 10px; text-align: center;\"><span style=\"color: #000000;\">Red<\/span><\/td>\n<td style=\"width: 15.116%; height: 10px; text-align: center;\"><span style=\"color: #000000;\">\u00d8 150 mm<\/span><\/td>\n<\/tr>\n<\/tbody>\n<\/table>\n\n\t\t<\/div> \n\t<\/div> <div class=\"wpb_content_element block_title column_title inner-inline_border\"><h2 class=\"h1\">APPLICATIONS<\/h2><\/div><div class=\"vc_row wpb_row vc_inner vc_row-fluid vc_custom_1570056444971 vc_row-o-equal-height vc_row-o-content-top vc_row-flex\"><div class=\"wpb_column vc_column_container vc_col-sm-6\"><div class=\"vc_column-inner\"><div class=\"wpb_wrapper\">\n\t<div class=\"wpb_text_column wpb_content_element  vc_custom_1602716838414\">\n\t\t<div class=\"wpb_wrapper\" >\n\t\t\t<p><span style=\"color: #000000;\">This lighting can be used to cast shadows that highlight surface irregularities, scratches, or special features (such as barcodes) from a close distance.<\/span><\/p>\n<ul style=\"list-style-type: square;\">\n<li style=\"text-align: justify;\"><span style=\"color: #000000;\">Illuminate flat, diffused surfaces<\/span><\/li>\n<li style=\"text-align: justify;\"><span style=\"color: #000000;\">Inspection of circular objects (packaging, washing machines)<\/span><\/li>\n<li style=\"text-align: justify;\"><span style=\"color: #000000;\">Label inspection<\/span><\/li>\n<\/ul>\n\n\t\t<\/div> \n\t<\/div> <\/div><\/div><\/div><div class=\"wpb_column vc_column_container vc_col-sm-6\"><div class=\"vc_column-inner\"><div class=\"wpb_wrapper\"><div class=\"wpb_content_element media_align_center media media_el animate_onoffset\"><div class=\"media_wrapper\" style=\"width:230px;position:relative; left:50%; margin-left:-115px;\" ><img decoding=\"async\" src=\"https:\/\/mvlighting.com\/wp-content\/uploads\/2020\/10\/diagrama.png\" alt=\"Alt Text\" class=\"type_image animated fadeInnone alignment_center\" \/><\/div><\/div><\/div><\/div><\/div><\/div><div class=\"wpb_content_element block_title column_title inner-inline_border\"><h2 class=\"h1\">CAD DRAWINGS FOR THE RL<\/h2><\/div>\n\t<div class=\"wpb_text_column wpb_content_element  vc_custom_1647379427323\">\n\t\t<div class=\"wpb_wrapper\" >\n\t\t\t<table style=\"height: 50px; width: 85%; margin: 0px auto; border-color: #ffffff; border-style: solid;\" border=\"2px\" width=\"95%\" cellspacing=\"2px\" cellpadding=\"2px\">\n<thead>\n<tr style=\"height: 15px; background-color: #367ec7;\">\n<td style=\"height: 30px; width: 16.8204%; text-align: center;\" width=\"55%\"><span style=\"color: #ffffff;\">\u00a0PRODUCT<\/span><\/td>\n<td style=\"width: 49.2753%; height: 30px; text-align: center;\" colspan=\"3\"><span style=\"color: #ffffff;\">FILE FORMAT<\/span><\/td>\n<\/tr>\n<\/thead>\n<tbody>\n<tr style=\"height: 10px; background-color: #f8f8f8;\">\n<td style=\"height: 10px; width: 16.8204%; text-align: center;\" width=\"55%\"><span style=\"color: #000000;\">RL115-XXX<\/span><\/td>\n<td style=\"width: 14.5822%; height: 10px; text-align: center;\"><a href=\"https:\/\/mvlighting.com\/wp-content\/uploads\/2022\/03\/20092-DRW01v01-Ring-Light_RL115.pdf\"><span style=\"color: #0000ff;\">PDF<\/span><\/a><\/td>\n<td style=\"width: 16.7224%; height: 10px; text-align: center;\"><span style=\"color: #000000;\">DXF<\/span><\/td>\n<td style=\"width: 17.9707%; height: 10px; text-align: center;\"><a href=\"https:\/\/mvlighting.com\/wp-content\/uploads\/2022\/03\/20092-E3D01v01-RL115_Ring-Light.stp\"><span style=\"color: #0000ff;\">STEP<\/span><\/a><\/td>\n<\/tr>\n<tr style=\"height: 10px; background-color: #f5f2f2;\">\n<td style=\"height: 10px; width: 16.8204%; text-align: center;\" width=\"55%\"><span style=\"color: #000000;\">RL150-XXX<\/span><\/td>\n<td style=\"width: 14.5822%; height: 10px; text-align: center;\"><span style=\"color: #000000;\">PDF<\/span><\/td>\n<td style=\"width: 16.7224%; height: 10px; text-align: center;\"><span style=\"color: #000000;\">DXF<\/span><\/td>\n<td style=\"width: 17.9707%; height: 10px; text-align: center;\"><span style=\"color: #000000;\">STEP<\/span><\/td>\n<\/tr>\n<\/tbody>\n<\/table>\n\n\t\t<\/div> \n\t<\/div> <div class=\"wpb_content_element block_title column_title inner-inline_border\"><h2 class=\"h1\">ACCESSORIES<\/h2><\/div><div class=\"vc_row wpb_row vc_inner vc_row-fluid vc_custom_1571252530653 vc_row-o-equal-height vc_row-o-content-middle vc_row-flex\"><div class=\"wpb_column vc_column_container vc_col-sm-4 vc_hidden-xs\"><div class=\"vc_column-inner\"><div class=\"wpb_wrapper\"><div class=\"wpb_content_element media_align_center media media_el animate_onoffset\"><div class=\"media_wrapper\" style=\"width:310px;position:relative; left:50%; margin-left:-155px;\" ><img decoding=\"async\" src=\"https:\/\/mvlighting.com\/wp-content\/uploads\/2019\/09\/Power-cable-e1569880424471.jpg\" alt=\"Alt Text\" class=\"type_image animated fadeInnone alignment_center\" \/><\/div><\/div><\/div><\/div><\/div><\/div><div class=\"vc_row wpb_row vc_inner vc_row-fluid vc_row-o-equal-height vc_row-flex\"><div class=\"wpb_column vc_column_container vc_col-sm-4 vc_hidden-xs\"><div class=\"vc_column-inner\"><div class=\"wpb_wrapper\"><div class=\"vc_custom_heading wpb_content_element\" ><h4 style=\"text-align: center\" >Power cable<\/h4><\/div>\n\t<div class=\"wpb_text_column wpb_content_element\">\n\t\t<div class=\"wpb_wrapper\" >\n\t\t\t<p style=\"text-align: center;\">Female \u2013 M8-3p connector<\/p>\n\n\t\t<\/div> \n\t<\/div> <\/div><\/div><\/div><\/div>\n\t\t\t<\/div> \n\t<\/div> \n<\/div><\/div><\/div>","protected":false},"excerpt":{"rendered":"ANILLO Serie RL ANILLO Alta uniformidad Alta intensidad Protecci\u00f3n contra polaridad inversa Built-in trigger DOWNLOAD RL115 Datasheet Serie RL ANILLO Alta uniformidad Alta intensidad Protecci\u00f3n contra polaridad inversa Built-in trigger DOWNLOAD RL115 Datasheet Los iluminadores de anillo son una soluci\u00f3n de costo efectivo, e integradas f\u00e1cilmente para iluminar superficies. \u00a0MODELO \u00a0COLOR DI\u00c1METRO EXTERNO RL115-W57 Blanco [...]","protected":false},"author":1,"featured_media":1563,"parent":1992,"menu_order":0,"comment_status":"closed","ping_status":"closed","template":"","meta":{"footnotes":""},"class_list":["post-2104","page","type-page","status-publish","has-post-thumbnail","hentry"],"yoast_head":"<!-- This site is optimized with the Yoast SEO plugin v24.9 - https:\/\/yoast.com\/wordpress\/plugins\/seo\/ -->\n<title>ANILLO - MV Lighting<\/title>\n<meta name=\"description\" content=\"Dome illuminators are a source of diffuse and uniform light. Its wide and solid lighting angle supports the image of curved surfaces.\" \/>\n<meta name=\"robots\" content=\"index, follow, max-snippet:-1, max-image-preview:large, max-video-preview:-1\" \/>\n<link rel=\"canonical\" href=\"https:\/\/mvlighting.com\/en\/inicio\/anillo\/\" \/>\n<meta property=\"og:locale\" content=\"en_US\" \/>\n<meta property=\"og:type\" content=\"article\" \/>\n<meta property=\"og:title\" content=\"ANILLO - MV Lighting\" \/>\n<meta property=\"og:description\" content=\"Dome illuminators are a source of diffuse and uniform light. Its wide and solid lighting angle supports the image of curved surfaces.\" \/>\n<meta property=\"og:url\" content=\"https:\/\/mvlighting.com\/en\/inicio\/anillo\/\" \/>\n<meta property=\"og:site_name\" content=\"MV Lighting\" \/>\n<meta property=\"article:modified_time\" content=\"2022-12-21T00:18:06+00:00\" \/>\n<meta property=\"og:image\" content=\"https:\/\/mvlighting.com\/wp-content\/uploads\/2020\/05\/Men\u00fa-DL_1080.png\" \/>\n\t<meta property=\"og:image:width\" content=\"1080\" \/>\n\t<meta property=\"og:image:height\" content=\"608\" \/>\n\t<meta property=\"og:image:type\" content=\"image\/png\" \/>\n<meta name=\"twitter:card\" content=\"summary_large_image\" \/>\n<meta name=\"twitter:label1\" content=\"Est. reading time\" \/>\n\t<meta name=\"twitter:data1\" content=\"3 minutes\" \/>\n<script type=\"application\/ld+json\" class=\"yoast-schema-graph\">{\"@context\":\"https:\/\/schema.org\",\"@graph\":[{\"@type\":\"WebPage\",\"@id\":\"https:\/\/mvlighting.com\/inicio\/anillo\",\"url\":\"https:\/\/mvlighting.com\/inicio\/anillo\",\"name\":\"ANILLO - MV Lighting\",\"isPartOf\":{\"@id\":\"https:\/\/mvlighting.com\/#website\"},\"primaryImageOfPage\":{\"@id\":\"https:\/\/mvlighting.com\/inicio\/anillo#primaryimage\"},\"image\":{\"@id\":\"https:\/\/mvlighting.com\/inicio\/anillo#primaryimage\"},\"thumbnailUrl\":\"https:\/\/mvlighting.com\/wp-content\/uploads\/2020\/05\/Men\u00fa-DL_1080.png\",\"datePublished\":\"2020-10-14T23:12:25+00:00\",\"dateModified\":\"2022-12-21T00:18:06+00:00\",\"description\":\"Dome illuminators are a source of diffuse and uniform light. Its wide and solid lighting angle supports the image of curved surfaces.\",\"breadcrumb\":{\"@id\":\"https:\/\/mvlighting.com\/inicio\/anillo#breadcrumb\"},\"inLanguage\":\"en-US\",\"potentialAction\":[{\"@type\":\"ReadAction\",\"target\":[\"https:\/\/mvlighting.com\/inicio\/anillo\"]}]},{\"@type\":\"ImageObject\",\"inLanguage\":\"en-US\",\"@id\":\"https:\/\/mvlighting.com\/inicio\/anillo#primaryimage\",\"url\":\"https:\/\/mvlighting.com\/wp-content\/uploads\/2020\/05\/Men\u00fa-DL_1080.png\",\"contentUrl\":\"https:\/\/mvlighting.com\/wp-content\/uploads\/2020\/05\/Men\u00fa-DL_1080.png\",\"width\":1080,\"height\":608},{\"@type\":\"BreadcrumbList\",\"@id\":\"https:\/\/mvlighting.com\/inicio\/anillo#breadcrumb\",\"itemListElement\":[{\"@type\":\"ListItem\",\"position\":1,\"name\":\"Home\",\"item\":\"https:\/\/mvlighting.com\/\"},{\"@type\":\"ListItem\",\"position\":2,\"name\":\"Inicio\",\"item\":\"https:\/\/mvlighting.com\/\"},{\"@type\":\"ListItem\",\"position\":3,\"name\":\"ANILLO\"}]},{\"@type\":\"WebSite\",\"@id\":\"https:\/\/mvlighting.com\/#website\",\"url\":\"https:\/\/mvlighting.com\/\",\"name\":\"MV Lighting\",\"description\":\"Lighting solution for machine vision\",\"publisher\":{\"@id\":\"https:\/\/mvlighting.com\/#organization\"},\"potentialAction\":[{\"@type\":\"SearchAction\",\"target\":{\"@type\":\"EntryPoint\",\"urlTemplate\":\"https:\/\/mvlighting.com\/?s={search_term_string}\"},\"query-input\":{\"@type\":\"PropertyValueSpecification\",\"valueRequired\":true,\"valueName\":\"search_term_string\"}}],\"inLanguage\":\"en-US\"},{\"@type\":\"Organization\",\"@id\":\"https:\/\/mvlighting.com\/#organization\",\"name\":\"MV Lighting\",\"url\":\"https:\/\/mvlighting.com\/\",\"logo\":{\"@type\":\"ImageObject\",\"inLanguage\":\"en-US\",\"@id\":\"https:\/\/mvlighting.com\/#\/schema\/logo\/image\/\",\"url\":\"\",\"contentUrl\":\"\",\"caption\":\"MV Lighting\"},\"image\":{\"@id\":\"https:\/\/mvlighting.com\/#\/schema\/logo\/image\/\"}}]}<\/script>\n<!-- \/ Yoast SEO plugin. -->","yoast_head_json":{"title":"ANILLO - MV Lighting","description":"Dome illuminators are a source of diffuse and uniform light. Its wide and solid lighting angle supports the image of curved surfaces.","robots":{"index":"index","follow":"follow","max-snippet":"max-snippet:-1","max-image-preview":"max-image-preview:large","max-video-preview":"max-video-preview:-1"},"canonical":"https:\/\/mvlighting.com\/en\/inicio\/anillo\/","og_locale":"en_US","og_type":"article","og_title":"ANILLO - MV Lighting","og_description":"Dome illuminators are a source of diffuse and uniform light. Its wide and solid lighting angle supports the image of curved surfaces.","og_url":"https:\/\/mvlighting.com\/en\/inicio\/anillo\/","og_site_name":"MV Lighting","article_modified_time":"2022-12-21T00:18:06+00:00","og_image":[{"width":1080,"height":608,"url":"https:\/\/mvlighting.com\/wp-content\/uploads\/2020\/05\/Men\u00fa-DL_1080.png","type":"image\/png"}],"twitter_card":"summary_large_image","twitter_misc":{"Est. reading time":"3 minutes"},"schema":{"@context":"https:\/\/schema.org","@graph":[{"@type":"WebPage","@id":"https:\/\/mvlighting.com\/inicio\/anillo","url":"https:\/\/mvlighting.com\/inicio\/anillo","name":"ANILLO - MV Lighting","isPartOf":{"@id":"https:\/\/mvlighting.com\/#website"},"primaryImageOfPage":{"@id":"https:\/\/mvlighting.com\/inicio\/anillo#primaryimage"},"image":{"@id":"https:\/\/mvlighting.com\/inicio\/anillo#primaryimage"},"thumbnailUrl":"https:\/\/mvlighting.com\/wp-content\/uploads\/2020\/05\/Men\u00fa-DL_1080.png","datePublished":"2020-10-14T23:12:25+00:00","dateModified":"2022-12-21T00:18:06+00:00","description":"Dome illuminators are a source of diffuse and uniform light. Its wide and solid lighting angle supports the image of curved surfaces.","breadcrumb":{"@id":"https:\/\/mvlighting.com\/inicio\/anillo#breadcrumb"},"inLanguage":"en-US","potentialAction":[{"@type":"ReadAction","target":["https:\/\/mvlighting.com\/inicio\/anillo"]}]},{"@type":"ImageObject","inLanguage":"en-US","@id":"https:\/\/mvlighting.com\/inicio\/anillo#primaryimage","url":"https:\/\/mvlighting.com\/wp-content\/uploads\/2020\/05\/Men\u00fa-DL_1080.png","contentUrl":"https:\/\/mvlighting.com\/wp-content\/uploads\/2020\/05\/Men\u00fa-DL_1080.png","width":1080,"height":608},{"@type":"BreadcrumbList","@id":"https:\/\/mvlighting.com\/inicio\/anillo#breadcrumb","itemListElement":[{"@type":"ListItem","position":1,"name":"Home","item":"https:\/\/mvlighting.com\/"},{"@type":"ListItem","position":2,"name":"Inicio","item":"https:\/\/mvlighting.com\/"},{"@type":"ListItem","position":3,"name":"ANILLO"}]},{"@type":"WebSite","@id":"https:\/\/mvlighting.com\/#website","url":"https:\/\/mvlighting.com\/","name":"MV Lighting","description":"Lighting solution for machine vision","publisher":{"@id":"https:\/\/mvlighting.com\/#organization"},"potentialAction":[{"@type":"SearchAction","target":{"@type":"EntryPoint","urlTemplate":"https:\/\/mvlighting.com\/?s={search_term_string}"},"query-input":{"@type":"PropertyValueSpecification","valueRequired":true,"valueName":"search_term_string"}}],"inLanguage":"en-US"},{"@type":"Organization","@id":"https:\/\/mvlighting.com\/#organization","name":"MV Lighting","url":"https:\/\/mvlighting.com\/","logo":{"@type":"ImageObject","inLanguage":"en-US","@id":"https:\/\/mvlighting.com\/#\/schema\/logo\/image\/","url":"","contentUrl":"","caption":"MV Lighting"},"image":{"@id":"https:\/\/mvlighting.com\/#\/schema\/logo\/image\/"}}]}},"_links":{"self":[{"href":"https:\/\/mvlighting.com\/en\/wp-json\/wp\/v2\/pages\/2104","targetHints":{"allow":["GET"]}}],"collection":[{"href":"https:\/\/mvlighting.com\/en\/wp-json\/wp\/v2\/pages"}],"about":[{"href":"https:\/\/mvlighting.com\/en\/wp-json\/wp\/v2\/types\/page"}],"author":[{"embeddable":true,"href":"https:\/\/mvlighting.com\/en\/wp-json\/wp\/v2\/users\/1"}],"replies":[{"embeddable":true,"href":"https:\/\/mvlighting.com\/en\/wp-json\/wp\/v2\/comments?post=2104"}],"version-history":[{"count":15,"href":"https:\/\/mvlighting.com\/en\/wp-json\/wp\/v2\/pages\/2104\/revisions"}],"predecessor-version":[{"id":2402,"href":"https:\/\/mvlighting.com\/en\/wp-json\/wp\/v2\/pages\/2104\/revisions\/2402"}],"up":[{"embeddable":true,"href":"https:\/\/mvlighting.com\/en\/wp-json\/wp\/v2\/pages\/1992"}],"wp:featuredmedia":[{"embeddable":true,"href":"https:\/\/mvlighting.com\/en\/wp-json\/wp\/v2\/media\/1563"}],"wp:attachment":[{"href":"https:\/\/mvlighting.com\/en\/wp-json\/wp\/v2\/media?parent=2104"}],"curies":[{"name":"wp","href":"https:\/\/api.w.org\/{rel}","templated":true}]}}